{"id":659,"date":"2019-01-09T07:57:37","date_gmt":"2019-01-09T06:57:37","guid":{"rendered":"https:\/\/sonic.roan24.com\/pytania-i-odpowiedzi\/"},"modified":"2019-06-21T15:20:34","modified_gmt":"2019-06-21T13:20:34","slug":"fragen-und-antworten","status":"publish","type":"page","link":"https:\/\/sonic-service.pl\/de\/fragen-und-antworten\/","title":{"rendered":"Fragen und Antworten"},"content":{"rendered":"\t\t<div data-elementor-type=\"wp-post\" data-elementor-id=\"659\" class=\"elementor elementor-659 elementor-131\" data-elementor-post-type=\"page\">\n\t\t\t\t\t\t<section class=\"elementor-section elementor-top-section elementor-element elementor-element-b49adfd elementor-section-boxed elementor-section-height-default elementor-section-height-default\" data-id=\"b49adfd\" data-element_type=\"section\" data-settings=\"{&quot;jet_parallax_layout_list&quot;:[{&quot;jet_parallax_layout_image&quot;:{&quot;url&quot;:&quot;&quot;,&quot;id&quot;:&quot;&quot;,&quot;size&quot;:&quot;&quot;},&quot;_id&quot;:&quot;eee6e7a&quot;,&quot;jet_parallax_layout_image_tablet&quot;:{&quot;url&quot;:&quot;&quot;,&quot;id&quot;:&quot;&quot;,&quot;size&quot;:&quot;&quot;},&quot;jet_parallax_layout_image_mobile&quot;:{&quot;url&quot;:&quot;&quot;,&quot;id&quot;:&quot;&quot;,&quot;size&quot;:&quot;&quot;},&quot;jet_parallax_layout_speed&quot;:{&quot;unit&quot;:&quot;%&quot;,&quot;size&quot;:50,&quot;sizes&quot;:[]},&quot;jet_parallax_layout_type&quot;:&quot;scroll&quot;,&quot;jet_parallax_layout_z_index&quot;:&quot;&quot;,&quot;jet_parallax_layout_bg_x&quot;:50,&quot;jet_parallax_layout_bg_y&quot;:50,&quot;jet_parallax_layout_bg_size&quot;:&quot;auto&quot;,&quot;jet_parallax_layout_animation_prop&quot;:&quot;transform&quot;,&quot;jet_parallax_layout_on&quot;:[&quot;desktop&quot;,&quot;tablet&quot;],&quot;jet_parallax_layout_direction&quot;:&quot;1&quot;,&quot;jet_parallax_layout_fx_direction&quot;:null,&quot;jet_parallax_layout_bg_x_tablet&quot;:&quot;&quot;,&quot;jet_parallax_layout_bg_x_mobile&quot;:&quot;&quot;,&quot;jet_parallax_layout_bg_y_tablet&quot;:&quot;&quot;,&quot;jet_parallax_layout_bg_y_mobile&quot;:&quot;&quot;,&quot;jet_parallax_layout_bg_size_tablet&quot;:&quot;&quot;,&quot;jet_parallax_layout_bg_size_mobile&quot;:&quot;&quot;}]}\">\n\t\t\t\t\t\t<div class=\"elementor-container elementor-column-gap-default\">\n\t\t\t\t\t<div class=\"aux-parallax-section elementor-column elementor-col-100 elementor-top-column elementor-element elementor-element-bd537fc\" data-id=\"bd537fc\" data-element_type=\"column\">\n\t\t\t<div class=\"elementor-widget-wrap elementor-element-populated\">\n\t\t\t\t\t\t<div class=\"elementor-element elementor-element-d5d8ef0 elementor-widget elementor-widget-aux_faq\" data-id=\"d5d8ef0\" data-element_type=\"widget\" data-widget_type=\"aux_faq.default\">\n\t\t\t\t<div class=\"elementor-widget-container\">\n\t\t\t\t\t<section class=\"widget-container aux-widget-faq aux-widget-accordion aux-parent-au0a5f119c\" style=\"\" ><div id=\"69e5d4dceb9fa\" data-element-id=\"au0a5f119c\" class=\"aux-isotope-faq aux-isotope-animated widget-toggle aux-accordion-simple\" data-lazyload=\"true\" data-space=\"0\" data-pagination=\"false\" data-deeplink=\"true\" data-slug=\"\" data-perpage=\"10\" data-reveal-transition-duration=\"600\" data-reveal-between-delay=\"70\" data-hide-transition-duration=\"600\" data-hide-between-delay=\"70\"> <div class=\"aux-items-loading\"><div class=\"aux-loading-loop\"><svg class=\"aux-circle\" width=\"100%\" height=\"100%\" viewBox=\"0 0 42 42\"><circle class=\"aux-stroke-bg\" r=\"20\" cx=\"21\" cy=\"21\" fill=\"none\"><\/circle><circle class=\"aux-progress\" r=\"20\" cx=\"21\" cy=\"21\" fill=\"none\" transform=\"rotate(-90 21 21)\"><\/circle><\/svg><\/div><\/div><div class=\"aux-faq-item aux-iso-item aux-loading\"><h4 class=\"aux-faq-item-header toggle-header\">Mein Dach ist nur von Algen befallen, muss ich es reinigen?<span class=\"aux-accordion-indicator\"><\/span><\/h4><div class=\"aux-faq-item-content toggle-content\"><p>Obwohl Algen das Dach (Ziegel) wie Moos oder Flechten nicht besch\u00e4digen k\u00f6nnen, sind viele Hausbesitzer \u00fcber den Unterschied, die \u00e4sthetische Verbesserung nach der Reinigung erstaunt. Dies wirkt sich nicht nur auf die Optik aus, sondern macht Ihr Zuhause auch f\u00fcr jeden potenziellen K\u00e4ufer attraktiver.<\/p>\n<\/div><div class=\"clear\"><\/div><\/div><div class=\"aux-faq-item aux-iso-item aux-loading\"><h4 class=\"aux-faq-item-header toggle-header\">Mir ist das Aussehen meines Daches egal, ich m\u00f6chte auch nicht mein Haus verkaufen, warum sollte ich es reinigen?<span class=\"aux-accordion-indicator\"><\/span><\/h4><div class=\"aux-faq-item-content toggle-content\"><p>Wenn Sie das Dach nicht reinigen, wachsen Flechten, Algen und Moos, was die Festigkeit Ihres Daches beeintr\u00e4chtigen, seine Lebensdauer verk\u00fcrzen und Sie zwingen kann, es vorzeitig zu erneuern.<\/p>\n<\/div><div class=\"clear\"><\/div><\/div><div class=\"aux-faq-item aux-iso-item aux-loading\"><h4 class=\"aux-faq-item-header toggle-header\">Kann ich versuchen, mein eigenes Dach mit einem Hochdruckreiniger zu reinigen?<span class=\"aux-accordion-indicator\"><\/span><\/h4><div class=\"aux-faq-item-content toggle-content\"><p>Von einer Reinigung des eigenen Daches wird dringend abgeraten. Dies ist nicht nur ein langfristiger, sondern auch ein gef\u00e4hrlicher Prozess f\u00fcr diejenigen, die nicht ausreichend ausgebildet und qualifiziert sind. Und wenn ein Hochdruckreiniger f\u00fcr Gehwege oder Gartenzufahrten geeignet ist, k\u00f6nnen einige D\u00e4cher ohne entsprechendes Fachwissen durch hohen Wasserdruck ernsthaft besch\u00e4digt werden.<\/p>\n<\/div><div class=\"clear\"><\/div><\/div><div class=\"aux-faq-item aux-iso-item aux-loading\"><h4 class=\"aux-faq-item-header toggle-header\">Ich habe nur einen kleinen Moosbefall auf meinem Dach, wie lange wird sein Wuchs dauern und kann es verlangsamt werden?<span class=\"aux-accordion-indicator\"><\/span><\/h4><div class=\"aux-faq-item-content toggle-content\"><p>Obwohl Sie das Wachstum von Moos verlangsamen k\u00f6nnen, wird es unvermeidlich weiter wachsen. Moos, Algen und Flechten sind in der Anfangsphase der Entwicklung mit blo\u00dfem Auge oft unsichtbar, so dass es zwar wenig zu sehen gibt, kann es aber bereits weit verbreitet sein.<\/p>\n<\/div><div class=\"clear\"><\/div><\/div><div class=\"aux-faq-item aux-iso-item aux-loading\"><h4 class=\"aux-faq-item-header toggle-header\">Wo werden Ihre Dienstleistungen erbracht?<span class=\"aux-accordion-indicator\"><\/span><\/h4><div class=\"aux-faq-item-content toggle-content\"><p>Unser Hauptsitz befindet sich in Witnica (Gegend von Gorz\u00f3w Wielkopolski) Wir arbeiten in Westpolen und Gro\u00dfpolen.<\/p>\n<p>Kontaktieren Sie uns bitte ungeachtet dessen, wie gro\u00df Ihr Auftrag ist!<\/p>\n<\/div><div class=\"clear\"><\/div><\/div><\/div><\/section><!-- widget-container -->\t\t\t\t<\/div>\n\t\t\t\t<\/div>\n\t\t\t\t\t<\/div>\n\t\t<\/div>\n\t\t\t\t\t<\/div>\n\t\t<\/section>\n\t\t\t\t<\/div>\n\t\t","protected":false},"excerpt":{"rendered":"<p>Mein Dach ist nur von Algen befallen, muss ich es reinigen? Obwohl Algen das Dach (Ziegel) wie Moos oder Flechten nicht besch\u00e4digen k\u00f6nnen, sind viele Hausbesitzer \u00fcber den Unterschied, die \u00e4sthetische Verbesserung nach der Reinigung erstaunt. Dies wirkt sich nicht nur auf die Optik aus, sondern macht Ihr Zuhause auch f\u00fcr jeden potenziellen K\u00e4ufer attraktiver. [&hellip;]<\/p>\n","protected":false},"author":1,"featured_media":0,"parent":0,"menu_order":0,"comment_status":"closed","ping_status":"closed","template":"","meta":{"_exactmetrics_skip_tracking":false,"_exactmetrics_sitenote_active":false,"_exactmetrics_sitenote_note":"","_exactmetrics_sitenote_category":0,"footnotes":""},"class_list":["post-659","page","type-page","status-publish","hentry"],"yoast_head":"<!-- This site is optimized with the Yoast SEO plugin v26.0 - https:\/\/yoast.com\/wordpress\/plugins\/seo\/ -->\n<title>Fragen und Antworten &#8902; Sonic Service<\/title>\n<meta name=\"robots\" content=\"index, follow, max-snippet:-1, max-image-preview:large, max-video-preview:-1\" \/>\n<link rel=\"canonical\" href=\"https:\/\/sonic-service.pl\/de\/fragen-und-antworten\/\" \/>\n<meta property=\"og:locale\" content=\"de_DE\" \/>\n<meta property=\"og:type\" content=\"article\" \/>\n<meta property=\"og:title\" content=\"Fragen und Antworten &#8902; Sonic Service\" \/>\n<meta property=\"og:description\" content=\"Mein Dach ist nur von Algen befallen, muss ich es reinigen? Obwohl Algen das Dach (Ziegel) wie Moos oder Flechten nicht besch\u00e4digen k\u00f6nnen, sind viele Hausbesitzer \u00fcber den Unterschied, die \u00e4sthetische Verbesserung nach der Reinigung erstaunt. Dies wirkt sich nicht nur auf die Optik aus, sondern macht Ihr Zuhause auch f\u00fcr jeden potenziellen K\u00e4ufer attraktiver. [&hellip;]\" \/>\n<meta property=\"og:url\" content=\"https:\/\/sonic-service.pl\/de\/fragen-und-antworten\/\" \/>\n<meta property=\"og:site_name\" content=\"Sonic Service\" \/>\n<meta property=\"article:modified_time\" content=\"2019-06-21T13:20:34+00:00\" \/>\n<meta name=\"twitter:card\" content=\"summary_large_image\" \/>\n<meta name=\"twitter:label1\" content=\"Gesch\u00e4tzte Lesezeit\" \/>\n\t<meta name=\"twitter:data1\" content=\"1\u00a0Minute\" \/>\n<script type=\"application\/ld+json\" class=\"yoast-schema-graph\">{\"@context\":\"https:\/\/schema.org\",\"@graph\":[{\"@type\":\"WebPage\",\"@id\":\"https:\/\/sonic-service.pl\/de\/fragen-und-antworten\/\",\"url\":\"https:\/\/sonic-service.pl\/de\/fragen-und-antworten\/\",\"name\":\"Fragen und Antworten &#8902; Sonic Service\",\"isPartOf\":{\"@id\":\"https:\/\/sonic-service.pl\/de\/#website\"},\"datePublished\":\"2019-01-09T06:57:37+00:00\",\"dateModified\":\"2019-06-21T13:20:34+00:00\",\"breadcrumb\":{\"@id\":\"https:\/\/sonic-service.pl\/de\/fragen-und-antworten\/#breadcrumb\"},\"inLanguage\":\"de\",\"potentialAction\":[{\"@type\":\"ReadAction\",\"target\":[\"https:\/\/sonic-service.pl\/de\/fragen-und-antworten\/\"]}]},{\"@type\":\"BreadcrumbList\",\"@id\":\"https:\/\/sonic-service.pl\/de\/fragen-und-antworten\/#breadcrumb\",\"itemListElement\":[{\"@type\":\"ListItem\",\"position\":1,\"name\":\"Strona g\u0142\u00f3wna\",\"item\":\"https:\/\/sonic-service.pl\/de\/\"},{\"@type\":\"ListItem\",\"position\":2,\"name\":\"Fragen und Antworten\"}]},{\"@type\":\"WebSite\",\"@id\":\"https:\/\/sonic-service.pl\/de\/#website\",\"url\":\"https:\/\/sonic-service.pl\/de\/\",\"name\":\"Sonic Service\",\"description\":\"\",\"publisher\":{\"@id\":\"https:\/\/sonic-service.pl\/de\/#organization\"},\"potentialAction\":[{\"@type\":\"SearchAction\",\"target\":{\"@type\":\"EntryPoint\",\"urlTemplate\":\"https:\/\/sonic-service.pl\/de\/?s={search_term_string}\"},\"query-input\":{\"@type\":\"PropertyValueSpecification\",\"valueRequired\":true,\"valueName\":\"search_term_string\"}}],\"inLanguage\":\"de\"},{\"@type\":\"Organization\",\"@id\":\"https:\/\/sonic-service.pl\/de\/#organization\",\"name\":\"Sonic Servie\",\"url\":\"https:\/\/sonic-service.pl\/de\/\",\"logo\":{\"@type\":\"ImageObject\",\"inLanguage\":\"de\",\"@id\":\"https:\/\/sonic-service.pl\/de\/#\/schema\/logo\/image\/\",\"url\":\"https:\/\/sonic-service.pl\/wp-content\/uploads\/2019\/01\/logo-sonic-service-1.png\",\"contentUrl\":\"https:\/\/sonic-service.pl\/wp-content\/uploads\/2019\/01\/logo-sonic-service-1.png\",\"width\":188,\"height\":82,\"caption\":\"Sonic Servie\"},\"image\":{\"@id\":\"https:\/\/sonic-service.pl\/de\/#\/schema\/logo\/image\/\"}}]}<\/script>\n<!-- \/ Yoast SEO plugin. -->","yoast_head_json":{"title":"Fragen und Antworten &#8902; Sonic Service","robots":{"index":"index","follow":"follow","max-snippet":"max-snippet:-1","max-image-preview":"max-image-preview:large","max-video-preview":"max-video-preview:-1"},"canonical":"https:\/\/sonic-service.pl\/de\/fragen-und-antworten\/","og_locale":"de_DE","og_type":"article","og_title":"Fragen und Antworten &#8902; Sonic Service","og_description":"Mein Dach ist nur von Algen befallen, muss ich es reinigen? Obwohl Algen das Dach (Ziegel) wie Moos oder Flechten nicht besch\u00e4digen k\u00f6nnen, sind viele Hausbesitzer \u00fcber den Unterschied, die \u00e4sthetische Verbesserung nach der Reinigung erstaunt. Dies wirkt sich nicht nur auf die Optik aus, sondern macht Ihr Zuhause auch f\u00fcr jeden potenziellen K\u00e4ufer attraktiver. [&hellip;]","og_url":"https:\/\/sonic-service.pl\/de\/fragen-und-antworten\/","og_site_name":"Sonic Service","article_modified_time":"2019-06-21T13:20:34+00:00","twitter_card":"summary_large_image","twitter_misc":{"Gesch\u00e4tzte Lesezeit":"1\u00a0Minute"},"schema":{"@context":"https:\/\/schema.org","@graph":[{"@type":"WebPage","@id":"https:\/\/sonic-service.pl\/de\/fragen-und-antworten\/","url":"https:\/\/sonic-service.pl\/de\/fragen-und-antworten\/","name":"Fragen und Antworten &#8902; Sonic Service","isPartOf":{"@id":"https:\/\/sonic-service.pl\/de\/#website"},"datePublished":"2019-01-09T06:57:37+00:00","dateModified":"2019-06-21T13:20:34+00:00","breadcrumb":{"@id":"https:\/\/sonic-service.pl\/de\/fragen-und-antworten\/#breadcrumb"},"inLanguage":"de","potentialAction":[{"@type":"ReadAction","target":["https:\/\/sonic-service.pl\/de\/fragen-und-antworten\/"]}]},{"@type":"BreadcrumbList","@id":"https:\/\/sonic-service.pl\/de\/fragen-und-antworten\/#breadcrumb","itemListElement":[{"@type":"ListItem","position":1,"name":"Strona g\u0142\u00f3wna","item":"https:\/\/sonic-service.pl\/de\/"},{"@type":"ListItem","position":2,"name":"Fragen und Antworten"}]},{"@type":"WebSite","@id":"https:\/\/sonic-service.pl\/de\/#website","url":"https:\/\/sonic-service.pl\/de\/","name":"Sonic Service","description":"","publisher":{"@id":"https:\/\/sonic-service.pl\/de\/#organization"},"potentialAction":[{"@type":"SearchAction","target":{"@type":"EntryPoint","urlTemplate":"https:\/\/sonic-service.pl\/de\/?s={search_term_string}"},"query-input":{"@type":"PropertyValueSpecification","valueRequired":true,"valueName":"search_term_string"}}],"inLanguage":"de"},{"@type":"Organization","@id":"https:\/\/sonic-service.pl\/de\/#organization","name":"Sonic Servie","url":"https:\/\/sonic-service.pl\/de\/","logo":{"@type":"ImageObject","inLanguage":"de","@id":"https:\/\/sonic-service.pl\/de\/#\/schema\/logo\/image\/","url":"https:\/\/sonic-service.pl\/wp-content\/uploads\/2019\/01\/logo-sonic-service-1.png","contentUrl":"https:\/\/sonic-service.pl\/wp-content\/uploads\/2019\/01\/logo-sonic-service-1.png","width":188,"height":82,"caption":"Sonic Servie"},"image":{"@id":"https:\/\/sonic-service.pl\/de\/#\/schema\/logo\/image\/"}}]}},"_links":{"self":[{"href":"https:\/\/sonic-service.pl\/de\/wp-json\/wp\/v2\/pages\/659","targetHints":{"allow":["GET"]}}],"collection":[{"href":"https:\/\/sonic-service.pl\/de\/wp-json\/wp\/v2\/pages"}],"about":[{"href":"https:\/\/sonic-service.pl\/de\/wp-json\/wp\/v2\/types\/page"}],"author":[{"embeddable":true,"href":"https:\/\/sonic-service.pl\/de\/wp-json\/wp\/v2\/users\/1"}],"replies":[{"embeddable":true,"href":"https:\/\/sonic-service.pl\/de\/wp-json\/wp\/v2\/comments?post=659"}],"version-history":[{"count":2,"href":"https:\/\/sonic-service.pl\/de\/wp-json\/wp\/v2\/pages\/659\/revisions"}],"predecessor-version":[{"id":1182,"href":"https:\/\/sonic-service.pl\/de\/wp-json\/wp\/v2\/pages\/659\/revisions\/1182"}],"wp:attachment":[{"href":"https:\/\/sonic-service.pl\/de\/wp-json\/wp\/v2\/media?parent=659"}],"curies":[{"name":"wp","href":"https:\/\/api.w.org\/{rel}","templated":true}]}}