{"id":730,"date":"2019-06-10T12:52:52","date_gmt":"2019-06-10T10:52:52","guid":{"rendered":"https:\/\/sonic.roan24.com\/oferta\/dachy\/malowanie\/"},"modified":"2019-06-21T15:05:28","modified_gmt":"2019-06-21T13:05:28","slug":"malen","status":"publish","type":"page","link":"https:\/\/sonic-service.pl\/de\/angebot\/daecher\/malen\/","title":{"rendered":"Malen"},"content":{"rendered":"\t\t<div data-elementor-type=\"wp-post\" data-elementor-id=\"730\" class=\"elementor elementor-730 elementor-173\" data-elementor-post-type=\"page\">\n\t\t\t\t\t\t<section class=\"elementor-section elementor-top-section elementor-element elementor-element-11f8e4a7 elementor-reverse-tablet elementor-reverse-mobile elementor-section-boxed elementor-section-height-default elementor-section-height-default\" data-id=\"11f8e4a7\" data-element_type=\"section\" data-settings=\"{&quot;jet_parallax_layout_list&quot;:[{&quot;jet_parallax_layout_image&quot;:{&quot;url&quot;:&quot;&quot;,&quot;id&quot;:&quot;&quot;,&quot;size&quot;:&quot;&quot;},&quot;_id&quot;:&quot;df21b0b&quot;,&quot;jet_parallax_layout_image_tablet&quot;:{&quot;url&quot;:&quot;&quot;,&quot;id&quot;:&quot;&quot;,&quot;size&quot;:&quot;&quot;},&quot;jet_parallax_layout_image_mobile&quot;:{&quot;url&quot;:&quot;&quot;,&quot;id&quot;:&quot;&quot;,&quot;size&quot;:&quot;&quot;},&quot;jet_parallax_layout_speed&quot;:{&quot;unit&quot;:&quot;%&quot;,&quot;size&quot;:50,&quot;sizes&quot;:[]},&quot;jet_parallax_layout_type&quot;:&quot;scroll&quot;,&quot;jet_parallax_layout_z_index&quot;:&quot;&quot;,&quot;jet_parallax_layout_bg_x&quot;:50,&quot;jet_parallax_layout_bg_y&quot;:50,&quot;jet_parallax_layout_bg_size&quot;:&quot;auto&quot;,&quot;jet_parallax_layout_animation_prop&quot;:&quot;transform&quot;,&quot;jet_parallax_layout_on&quot;:[&quot;desktop&quot;,&quot;tablet&quot;],&quot;jet_parallax_layout_direction&quot;:&quot;1&quot;,&quot;jet_parallax_layout_fx_direction&quot;:null,&quot;jet_parallax_layout_bg_x_tablet&quot;:&quot;&quot;,&quot;jet_parallax_layout_bg_x_mobile&quot;:&quot;&quot;,&quot;jet_parallax_layout_bg_y_tablet&quot;:&quot;&quot;,&quot;jet_parallax_layout_bg_y_mobile&quot;:&quot;&quot;,&quot;jet_parallax_layout_bg_size_tablet&quot;:&quot;&quot;,&quot;jet_parallax_layout_bg_size_mobile&quot;:&quot;&quot;}]}\">\n\t\t\t\t\t\t<div class=\"elementor-container elementor-column-gap-extended\">\n\t\t\t\t\t<div class=\"aux-parallax-section elementor-column elementor-col-50 elementor-top-column elementor-element elementor-element-1862114c\" data-id=\"1862114c\" data-element_type=\"column\">\n\t\t\t<div class=\"elementor-widget-wrap elementor-element-populated\">\n\t\t\t\t\t\t<div class=\"elementor-element elementor-element-165c1cf5 aux-appear-watch-animation aux-fade-in-up elementor-widget elementor-widget-aux_modern_heading\" data-id=\"165c1cf5\" data-element_type=\"widget\" data-widget_type=\"aux_modern_heading.default\">\n\t\t\t\t<div class=\"elementor-widget-container\">\n\t\t\t\t\t<section class=\"aux-widget-modern-heading\">\n            <div class=\"aux-widget-inner\"><div class=\"aux-modern-heading-divider\"><\/div><h2 class=\"aux-modern-heading-primary\">Sonic Service<\/h2><h3 class=\"aux-modern-heading-secondary\"><span class=\"aux-head-before\">Malen<\/span><\/h3><div class=\"aux-modern-heading-description\">Es erneuert die Farbe dauerhaft und sch\u00fctzt vor Moos und UV-Strahlen. Dadurch sieht das Dach wie neu aus. Es wird mittels <strong>Spr\u00fchmethode gemalt.<\/div><\/div>\n        <\/section>\t\t\t\t<\/div>\n\t\t\t\t<\/div>\n\t\t\t\t<div class=\"elementor-element elementor-element-2d9f04ab aux-appear-watch-animation aux-fade-in-up elementor-widget elementor-widget-text-editor\" data-id=\"2d9f04ab\" data-element_type=\"widget\" data-widget_type=\"text-editor.default\">\n\t\t\t\t<div class=\"elementor-widget-container\">\n\t\t\t\t\t\t\t\t\tWir verwenden <strong>professionelle Seilzugangstechniken<\/strong>, die Arbeitskosten im Zusammenhang mit dem Einsatz von Ger\u00fcsten und Aufz\u00fcgen minimieren.\n\t\t\t\t\t\t\t\t<\/div>\n\t\t\t\t<\/div>\n\t\t\t\t\t<\/div>\n\t\t<\/div>\n\t\t\t\t<div class=\"aux-parallax-section elementor-column elementor-col-50 elementor-top-column elementor-element elementor-element-a470090\" data-id=\"a470090\" data-element_type=\"column\">\n\t\t\t<div class=\"elementor-widget-wrap elementor-element-populated\">\n\t\t\t\t\t\t<div class=\"elementor-element elementor-element-136e4ad elementor-widget elementor-widget-jet-image-comparison\" data-id=\"136e4ad\" data-element_type=\"widget\" data-settings=\"{&quot;slides_to_show&quot;:&quot;1&quot;}\" data-widget_type=\"jet-image-comparison.default\">\n\t\t\t\t<div class=\"elementor-widget-container\">\n\t\t\t\t\t<div class=\"elementor-jet-image-comparison jet-elements\"><div class=\"jet-image-comparison\">\n\t<div class=\"jet-image-comparison__instance elementor-slick-slider\" data-settings='{\"slidesToShow\":{\"desktop\":1},\"autoplaySpeed\":5000,\"autoplay\":false,\"pauseOnHover\":false,\"speed\":500,\"arrows\":false,\"dots\":false,\"slidesToScroll\":1,\"prevArrow\":\".jet-image-comparison__prev-arrow-136e4ad\",\"nextArrow\":\".jet-image-comparison__next-arrow-136e4ad\",\"rtl\":false}' dir=\"ltr\">\n<div class=\"jet-image-comparison__item\">\n\t<div class=\"jet-image-comparison__container jet-juxtapose\"\n\t\tdata-prev-icon=\"&lt;svg width=&quot;24&quot; height=&quot;24&quot; viewBox=&quot;0 0 24 24&quot; fill=&quot;none&quot; xmlns=&quot;http:\/\/www.w3.org\/2000\/svg&quot;&gt;&lt;path d=&quot;M14.625 5.3999L16.3 7.0749L11.35 12.0249L16.3 16.9749L14.625 18.6499L7.99999 12.0249L14.625 5.3999Z&quot; fill=&quot;#0F172A&quot;\/&gt;&lt;\/svg&gt;\"\n\t\tdata-next-icon=\"&lt;svg width=&quot;24&quot; height=&quot;24&quot; viewBox=&quot;0 0 24 24&quot; fill=&quot;none&quot; xmlns=&quot;http:\/\/www.w3.org\/2000\/svg&quot;&gt;&lt;path d=&quot;M9.37501 18.6001L7.70001 16.9251L12.65 11.9751L7.70001 7.0251L9.37501 5.3501L16 11.9751L9.37501 18.6001Z&quot; fill=&quot;#0F172A&quot;\/&gt;&lt;\/svg&gt;\"\n\t\tdata-makeresponsive=\"true\"\n\t\tdata-startingposition=\"50%\">\n\t\t\n\t\t<img class=\"jet-image-comparison__before-image a3-notlazy\"\n\t\t\tsrc=\"https:\/\/sonic-service.pl\/wp-content\/uploads\/2019\/04\/Zdjecie-Malowane-Sowak.jpg\"\n\t\t\tdata-label=\"Vor\"\t\t\talt=\"Zdjecie-Malowane-Sowak\"\n\t\t\tdata-no-lazy=\"1\">\n\n\t\t<img class=\"jet-image-comparison__after-image a3-notlazy\"\n\t\t\tsrc=\"https:\/\/sonic-service.pl\/wp-content\/uploads\/2019\/04\/ZDJECIE-MALOWANIE-SOWAK-2.jpg\"\n\t\t\tdata-label=\"Nach\"\t\t\talt=\"ZDJECIE-MALOWANIE-SOWAK-2\"\n\t\t\tdata-no-lazy=\"1\">\n\t<\/div>\n<\/div>\n\n<\/div>\n<\/div>\n<\/div>\t\t\t\t<\/div>\n\t\t\t\t<\/div>\n\t\t\t\t\t<\/div>\n\t\t<\/div>\n\t\t\t\t\t<\/div>\n\t\t<\/section>\n\t\t\t\t<section class=\"elementor-section elementor-top-section elementor-element elementor-element-38226e5d elementor-section-full_width elementor-section-height-default elementor-section-height-default\" data-id=\"38226e5d\" data-element_type=\"section\" data-settings=\"{&quot;background_background&quot;:&quot;classic&quot;,&quot;jet_parallax_layout_list&quot;:[{&quot;jet_parallax_layout_image&quot;:{&quot;url&quot;:&quot;&quot;,&quot;id&quot;:&quot;&quot;,&quot;size&quot;:&quot;&quot;},&quot;_id&quot;:&quot;36b1b15&quot;,&quot;jet_parallax_layout_image_tablet&quot;:{&quot;url&quot;:&quot;&quot;,&quot;id&quot;:&quot;&quot;,&quot;size&quot;:&quot;&quot;},&quot;jet_parallax_layout_image_mobile&quot;:{&quot;url&quot;:&quot;&quot;,&quot;id&quot;:&quot;&quot;,&quot;size&quot;:&quot;&quot;},&quot;jet_parallax_layout_speed&quot;:{&quot;unit&quot;:&quot;%&quot;,&quot;size&quot;:50,&quot;sizes&quot;:[]},&quot;jet_parallax_layout_type&quot;:&quot;scroll&quot;,&quot;jet_parallax_layout_z_index&quot;:&quot;&quot;,&quot;jet_parallax_layout_bg_x&quot;:50,&quot;jet_parallax_layout_bg_y&quot;:50,&quot;jet_parallax_layout_bg_size&quot;:&quot;auto&quot;,&quot;jet_parallax_layout_animation_prop&quot;:&quot;transform&quot;,&quot;jet_parallax_layout_on&quot;:[&quot;desktop&quot;,&quot;tablet&quot;],&quot;jet_parallax_layout_direction&quot;:&quot;1&quot;,&quot;jet_parallax_layout_fx_direction&quot;:null,&quot;jet_parallax_layout_bg_x_tablet&quot;:&quot;&quot;,&quot;jet_parallax_layout_bg_x_mobile&quot;:&quot;&quot;,&quot;jet_parallax_layout_bg_y_tablet&quot;:&quot;&quot;,&quot;jet_parallax_layout_bg_y_mobile&quot;:&quot;&quot;,&quot;jet_parallax_layout_bg_size_tablet&quot;:&quot;&quot;,&quot;jet_parallax_layout_bg_size_mobile&quot;:&quot;&quot;}]}\">\n\t\t\t\t\t\t<div class=\"elementor-container elementor-column-gap-default\">\n\t\t\t\t\t<div class=\"aux-parallax-section elementor-column elementor-col-100 elementor-top-column elementor-element elementor-element-3b5d3110\" data-id=\"3b5d3110\" data-element_type=\"column\">\n\t\t\t<div class=\"elementor-widget-wrap elementor-element-populated\">\n\t\t\t\t\t\t<div class=\"elementor-element elementor-element-661ef171 aux-appear-watch-animation aux-fade-in-up elementor-widget elementor-widget-aux_modern_heading\" data-id=\"661ef171\" data-element_type=\"widget\" data-widget_type=\"aux_modern_heading.default\">\n\t\t\t\t<div class=\"elementor-widget-container\">\n\t\t\t\t\t<section class=\"aux-widget-modern-heading\">\n            <div class=\"aux-widget-inner\"><h2 class=\"aux-modern-heading-primary\">H\u00f6chste Qualit\u00e4t und P\u00fcnktlichkeit<\/h2><h3 class=\"aux-modern-heading-secondary\"><span class=\"aux-head-before\">Wie viel kostest unsere Dienstleistungen ein?<\/span><\/h3><div class=\"aux-modern-heading-description\">Der Preis der Dienstleistung h\u00e4ngt von vielen Faktoren ab, einschlie\u00dflich der Zugangsschwierigkeiten und der Art des Schmutzes.<\/div><\/div>\n        <\/section>\t\t\t\t<\/div>\n\t\t\t\t<\/div>\n\t\t\t\t<div class=\"elementor-element elementor-element-62d7e87 aux-appear-watch-animation aux-fade-in elementor-widget elementor-widget-aux_image\" data-id=\"62d7e87\" data-element_type=\"widget\" data-widget_type=\"aux_image.default\">\n\t\t\t\t<div class=\"elementor-widget-container\">\n\t\t\t\t\t<section class=\"widget-container aux-widget-image aux-alignnone aux-parent-audf9a815e\">\n    <div class=\"aux-media-hint-frame \">\n        <div class=\"aux-media-image \" >\n        \n            \n\n            \n            <img fetchpriority=\"high\" decoding=\"async\" width=\"845\" height=\"845\" src=\"https:\/\/sonic-service.pl\/wp-content\/uploads\/2019\/01\/Subtraction-1-1024x1024.png\" class=\"aux-attachment aux-featured-image aux-attachment-id-45\" alt=\"demo-attachment-561-Subtraction-1\" srcset=\"https:\/\/sonic-service.pl\/wp-content\/uploads\/2019\/01\/Subtraction-1-150x150.png 150w,https:\/\/sonic-service.pl\/wp-content\/uploads\/2019\/01\/Subtraction-1-300x300.png 300w,https:\/\/sonic-service.pl\/wp-content\/uploads\/2019\/01\/Subtraction-1-768x768.png 768w,https:\/\/sonic-service.pl\/wp-content\/uploads\/2019\/01\/Subtraction-1-1024x1024.png 845w\" data-ratio=\"1\" data-original-w=\"845\" sizes=\"(max-width:479px) 480px,(max-width:767px) 768px,(max-width:1023px) 1024px,845px\" \/>            \n                <\/div>\n    <\/div>\n\n<\/section><!-- widget-container -->\t\t\t\t<\/div>\n\t\t\t\t<\/div>\n\t\t\t\t<section class=\"elementor-section elementor-inner-section elementor-element elementor-element-24b4b58c elementor-section-boxed elementor-section-height-default elementor-section-height-default\" data-id=\"24b4b58c\" data-element_type=\"section\" data-settings=\"{&quot;jet_parallax_layout_list&quot;:[{&quot;jet_parallax_layout_image&quot;:{&quot;url&quot;:&quot;&quot;,&quot;id&quot;:&quot;&quot;,&quot;size&quot;:&quot;&quot;},&quot;_id&quot;:&quot;9b669ea&quot;,&quot;jet_parallax_layout_image_tablet&quot;:{&quot;url&quot;:&quot;&quot;,&quot;id&quot;:&quot;&quot;,&quot;size&quot;:&quot;&quot;},&quot;jet_parallax_layout_image_mobile&quot;:{&quot;url&quot;:&quot;&quot;,&quot;id&quot;:&quot;&quot;,&quot;size&quot;:&quot;&quot;},&quot;jet_parallax_layout_speed&quot;:{&quot;unit&quot;:&quot;%&quot;,&quot;size&quot;:50,&quot;sizes&quot;:[]},&quot;jet_parallax_layout_type&quot;:&quot;scroll&quot;,&quot;jet_parallax_layout_z_index&quot;:&quot;&quot;,&quot;jet_parallax_layout_bg_x&quot;:50,&quot;jet_parallax_layout_bg_y&quot;:50,&quot;jet_parallax_layout_bg_size&quot;:&quot;auto&quot;,&quot;jet_parallax_layout_animation_prop&quot;:&quot;transform&quot;,&quot;jet_parallax_layout_on&quot;:[&quot;desktop&quot;,&quot;tablet&quot;],&quot;jet_parallax_layout_direction&quot;:&quot;1&quot;,&quot;jet_parallax_layout_fx_direction&quot;:null,&quot;jet_parallax_layout_bg_x_tablet&quot;:&quot;&quot;,&quot;jet_parallax_layout_bg_x_mobile&quot;:&quot;&quot;,&quot;jet_parallax_layout_bg_y_tablet&quot;:&quot;&quot;,&quot;jet_parallax_layout_bg_y_mobile&quot;:&quot;&quot;,&quot;jet_parallax_layout_bg_size_tablet&quot;:&quot;&quot;,&quot;jet_parallax_layout_bg_size_mobile&quot;:&quot;&quot;}]}\">\n\t\t\t\t\t\t<div class=\"elementor-container elementor-column-gap-default\">\n\t\t\t\t\t<div class=\"aux-parallax-section elementor-column elementor-col-50 elementor-inner-column elementor-element elementor-element-71196eb9 aux-appear-watch-animation aux-fade-in-right-1\" data-id=\"71196eb9\" data-element_type=\"column\">\n\t\t\t<div class=\"elementor-widget-wrap elementor-element-populated\">\n\t\t\t\t\t\t<div class=\"elementor-element elementor-element-5f5556f8 elementor-widget elementor-widget-aux_modern_heading\" data-id=\"5f5556f8\" data-element_type=\"widget\" data-widget_type=\"aux_modern_heading.default\">\n\t\t\t\t<div class=\"elementor-widget-container\">\n\t\t\t\t\t<section class=\"aux-widget-modern-heading\">\n            <div class=\"aux-widget-inner\"><div class=\"aux-modern-heading-divider\"><\/div><h2 class=\"aux-modern-heading-primary\">1.<\/h2><div class=\"aux-modern-heading-description\">Vereinbaren Sie einen Termin f\u00fcr einen kostenlosen Besichtigungstermin.<\/div><\/div>\n        <\/section>\t\t\t\t<\/div>\n\t\t\t\t<\/div>\n\t\t\t\t\t<\/div>\n\t\t<\/div>\n\t\t\t\t<div class=\"aux-parallax-section elementor-column elementor-col-50 elementor-inner-column elementor-element elementor-element-38b8208c aux-appear-watch-animation aux-fade-in-right-1\" data-id=\"38b8208c\" data-element_type=\"column\">\n\t\t\t<div class=\"elementor-widget-wrap elementor-element-populated\">\n\t\t\t\t\t\t<div class=\"elementor-element elementor-element-5c7d5de elementor-widget elementor-widget-aux_modern_heading\" data-id=\"5c7d5de\" data-element_type=\"widget\" data-widget_type=\"aux_modern_heading.default\">\n\t\t\t\t<div class=\"elementor-widget-container\">\n\t\t\t\t\t<section class=\"aux-widget-modern-heading\">\n            <div class=\"aux-widget-inner\"><div class=\"aux-modern-heading-divider\"><\/div><h2 class=\"aux-modern-heading-primary\">2.<\/h2><div class=\"aux-modern-heading-description\">Senden von Fotos mit einer detaillierten Beschreibung der geplanten Arbeit per E-Mail.<\/div><\/div>\n        <\/section>\t\t\t\t<\/div>\n\t\t\t\t<\/div>\n\t\t\t\t\t<\/div>\n\t\t<\/div>\n\t\t\t\t\t<\/div>\n\t\t<\/section>\n\t\t\t\t\t<\/div>\n\t\t<\/div>\n\t\t\t\t\t<\/div>\n\t\t<\/section>\n\t\t\t\t<\/div>\n\t\t","protected":false},"excerpt":{"rendered":"<p>Sonic Service Malen Es erneuert die Farbe dauerhaft und sch\u00fctzt vor Moos und UV-Strahlen. Dadurch sieht das Dach wie neu aus. Es wird mittels Spr\u00fchmethode gemalt. Wir verwenden professionelle Seilzugangstechniken, die Arbeitskosten im Zusammenhang mit dem Einsatz von Ger\u00fcsten und Aufz\u00fcgen minimieren. &#8222;,&#8220;nextArrow&#8220;:&#8220;&#8222;,&#8220;rtl&#8220;:false}&#8216; dir=&#8220;ltr&#8220;> H\u00f6chste Qualit\u00e4t und P\u00fcnktlichkeit Wie viel kostest unsere Dienstleistungen ein? Der [&hellip;]<\/p>\n","protected":false},"author":1,"featured_media":0,"parent":717,"menu_order":0,"comment_status":"closed","ping_status":"closed","template":"","meta":{"_exactmetrics_skip_tracking":false,"_exactmetrics_sitenote_active":false,"_exactmetrics_sitenote_note":"","_exactmetrics_sitenote_category":0,"footnotes":""},"class_list":["post-730","page","type-page","status-publish","hentry"],"yoast_head":"<!-- This site is optimized with the Yoast SEO plugin v26.0 - https:\/\/yoast.com\/wordpress\/plugins\/seo\/ -->\n<title>Malen &#8902; Sonic Service<\/title>\n<meta name=\"robots\" content=\"index, follow, max-snippet:-1, max-image-preview:large, max-video-preview:-1\" \/>\n<link rel=\"canonical\" href=\"https:\/\/sonic-service.pl\/de\/angebot\/daecher\/malen\/\" \/>\n<meta property=\"og:locale\" content=\"de_DE\" \/>\n<meta property=\"og:type\" content=\"article\" \/>\n<meta property=\"og:title\" content=\"Malen &#8902; Sonic Service\" \/>\n<meta property=\"og:description\" content=\"Sonic Service Malen Es erneuert die Farbe dauerhaft und sch\u00fctzt vor Moos und UV-Strahlen. Dadurch sieht das Dach wie neu aus. Es wird mittels Spr\u00fchmethode gemalt. Wir verwenden professionelle Seilzugangstechniken, die Arbeitskosten im Zusammenhang mit dem Einsatz von Ger\u00fcsten und Aufz\u00fcgen minimieren. &#8222;,&#8220;nextArrow&#8220;:&#8220;&#8222;,&#8220;rtl&#8220;:false}&#8216; dir=&#8220;ltr&#8220;&gt; H\u00f6chste Qualit\u00e4t und P\u00fcnktlichkeit Wie viel kostest unsere Dienstleistungen ein? Der [&hellip;]\" \/>\n<meta property=\"og:url\" content=\"https:\/\/sonic-service.pl\/de\/angebot\/daecher\/malen\/\" \/>\n<meta property=\"og:site_name\" content=\"Sonic Service\" \/>\n<meta property=\"article:modified_time\" content=\"2019-06-21T13:05:28+00:00\" \/>\n<meta property=\"og:image\" content=\"https:\/\/sonic-service.pl\/wp-content\/uploads\/2019\/04\/Zdjecie-Malowane-Sowak.jpg\" \/>\n<meta name=\"twitter:card\" content=\"summary_large_image\" \/>\n<meta name=\"twitter:label1\" content=\"Gesch\u00e4tzte Lesezeit\" \/>\n\t<meta name=\"twitter:data1\" content=\"1\u00a0Minute\" \/>\n<script type=\"application\/ld+json\" class=\"yoast-schema-graph\">{\"@context\":\"https:\/\/schema.org\",\"@graph\":[{\"@type\":\"WebPage\",\"@id\":\"https:\/\/sonic-service.pl\/de\/angebot\/daecher\/malen\/\",\"url\":\"https:\/\/sonic-service.pl\/de\/angebot\/daecher\/malen\/\",\"name\":\"Malen &#8902; Sonic Service\",\"isPartOf\":{\"@id\":\"https:\/\/sonic-service.pl\/de\/#website\"},\"primaryImageOfPage\":{\"@id\":\"https:\/\/sonic-service.pl\/de\/angebot\/daecher\/malen\/#primaryimage\"},\"image\":{\"@id\":\"https:\/\/sonic-service.pl\/de\/angebot\/daecher\/malen\/#primaryimage\"},\"thumbnailUrl\":\"https:\/\/sonic-service.pl\/wp-content\/uploads\/2019\/04\/Zdjecie-Malowane-Sowak.jpg\",\"datePublished\":\"2019-06-10T10:52:52+00:00\",\"dateModified\":\"2019-06-21T13:05:28+00:00\",\"breadcrumb\":{\"@id\":\"https:\/\/sonic-service.pl\/de\/angebot\/daecher\/malen\/#breadcrumb\"},\"inLanguage\":\"de\",\"potentialAction\":[{\"@type\":\"ReadAction\",\"target\":[\"https:\/\/sonic-service.pl\/de\/angebot\/daecher\/malen\/\"]}]},{\"@type\":\"ImageObject\",\"inLanguage\":\"de\",\"@id\":\"https:\/\/sonic-service.pl\/de\/angebot\/daecher\/malen\/#primaryimage\",\"url\":\"https:\/\/sonic-service.pl\/wp-content\/uploads\/2019\/04\/Zdjecie-Malowane-Sowak.jpg\",\"contentUrl\":\"https:\/\/sonic-service.pl\/wp-content\/uploads\/2019\/04\/Zdjecie-Malowane-Sowak.jpg\"},{\"@type\":\"BreadcrumbList\",\"@id\":\"https:\/\/sonic-service.pl\/de\/angebot\/daecher\/malen\/#breadcrumb\",\"itemListElement\":[{\"@type\":\"ListItem\",\"position\":1,\"name\":\"Strona g\u0142\u00f3wna\",\"item\":\"https:\/\/sonic-service.pl\/de\/\"},{\"@type\":\"ListItem\",\"position\":2,\"name\":\"Angebot\",\"item\":\"https:\/\/sonic-service.pl\/de\/angebot\/\"},{\"@type\":\"ListItem\",\"position\":3,\"name\":\"D\u00e4cher\",\"item\":\"https:\/\/sonic-service.pl\/de\/angebot\/daecher\/\"},{\"@type\":\"ListItem\",\"position\":4,\"name\":\"Malen\"}]},{\"@type\":\"WebSite\",\"@id\":\"https:\/\/sonic-service.pl\/de\/#website\",\"url\":\"https:\/\/sonic-service.pl\/de\/\",\"name\":\"Sonic Service\",\"description\":\"\",\"publisher\":{\"@id\":\"https:\/\/sonic-service.pl\/de\/#organization\"},\"potentialAction\":[{\"@type\":\"SearchAction\",\"target\":{\"@type\":\"EntryPoint\",\"urlTemplate\":\"https:\/\/sonic-service.pl\/de\/?s={search_term_string}\"},\"query-input\":{\"@type\":\"PropertyValueSpecification\",\"valueRequired\":true,\"valueName\":\"search_term_string\"}}],\"inLanguage\":\"de\"},{\"@type\":\"Organization\",\"@id\":\"https:\/\/sonic-service.pl\/de\/#organization\",\"name\":\"Sonic Servie\",\"url\":\"https:\/\/sonic-service.pl\/de\/\",\"logo\":{\"@type\":\"ImageObject\",\"inLanguage\":\"de\",\"@id\":\"https:\/\/sonic-service.pl\/de\/#\/schema\/logo\/image\/\",\"url\":\"https:\/\/sonic-service.pl\/wp-content\/uploads\/2019\/01\/logo-sonic-service-1.png\",\"contentUrl\":\"https:\/\/sonic-service.pl\/wp-content\/uploads\/2019\/01\/logo-sonic-service-1.png\",\"width\":188,\"height\":82,\"caption\":\"Sonic Servie\"},\"image\":{\"@id\":\"https:\/\/sonic-service.pl\/de\/#\/schema\/logo\/image\/\"}}]}<\/script>\n<!-- \/ Yoast SEO plugin. -->","yoast_head_json":{"title":"Malen &#8902; Sonic Service","robots":{"index":"index","follow":"follow","max-snippet":"max-snippet:-1","max-image-preview":"max-image-preview:large","max-video-preview":"max-video-preview:-1"},"canonical":"https:\/\/sonic-service.pl\/de\/angebot\/daecher\/malen\/","og_locale":"de_DE","og_type":"article","og_title":"Malen &#8902; Sonic Service","og_description":"Sonic Service Malen Es erneuert die Farbe dauerhaft und sch\u00fctzt vor Moos und UV-Strahlen. Dadurch sieht das Dach wie neu aus. Es wird mittels Spr\u00fchmethode gemalt. Wir verwenden professionelle Seilzugangstechniken, die Arbeitskosten im Zusammenhang mit dem Einsatz von Ger\u00fcsten und Aufz\u00fcgen minimieren. &#8222;,&#8220;nextArrow&#8220;:&#8220;&#8222;,&#8220;rtl&#8220;:false}&#8216; dir=&#8220;ltr&#8220;> H\u00f6chste Qualit\u00e4t und P\u00fcnktlichkeit Wie viel kostest unsere Dienstleistungen ein? Der [&hellip;]","og_url":"https:\/\/sonic-service.pl\/de\/angebot\/daecher\/malen\/","og_site_name":"Sonic Service","article_modified_time":"2019-06-21T13:05:28+00:00","og_image":[{"url":"https:\/\/sonic-service.pl\/wp-content\/uploads\/2019\/04\/Zdjecie-Malowane-Sowak.jpg","type":"","width":"","height":""}],"twitter_card":"summary_large_image","twitter_misc":{"Gesch\u00e4tzte Lesezeit":"1\u00a0Minute"},"schema":{"@context":"https:\/\/schema.org","@graph":[{"@type":"WebPage","@id":"https:\/\/sonic-service.pl\/de\/angebot\/daecher\/malen\/","url":"https:\/\/sonic-service.pl\/de\/angebot\/daecher\/malen\/","name":"Malen &#8902; Sonic Service","isPartOf":{"@id":"https:\/\/sonic-service.pl\/de\/#website"},"primaryImageOfPage":{"@id":"https:\/\/sonic-service.pl\/de\/angebot\/daecher\/malen\/#primaryimage"},"image":{"@id":"https:\/\/sonic-service.pl\/de\/angebot\/daecher\/malen\/#primaryimage"},"thumbnailUrl":"https:\/\/sonic-service.pl\/wp-content\/uploads\/2019\/04\/Zdjecie-Malowane-Sowak.jpg","datePublished":"2019-06-10T10:52:52+00:00","dateModified":"2019-06-21T13:05:28+00:00","breadcrumb":{"@id":"https:\/\/sonic-service.pl\/de\/angebot\/daecher\/malen\/#breadcrumb"},"inLanguage":"de","potentialAction":[{"@type":"ReadAction","target":["https:\/\/sonic-service.pl\/de\/angebot\/daecher\/malen\/"]}]},{"@type":"ImageObject","inLanguage":"de","@id":"https:\/\/sonic-service.pl\/de\/angebot\/daecher\/malen\/#primaryimage","url":"https:\/\/sonic-service.pl\/wp-content\/uploads\/2019\/04\/Zdjecie-Malowane-Sowak.jpg","contentUrl":"https:\/\/sonic-service.pl\/wp-content\/uploads\/2019\/04\/Zdjecie-Malowane-Sowak.jpg"},{"@type":"BreadcrumbList","@id":"https:\/\/sonic-service.pl\/de\/angebot\/daecher\/malen\/#breadcrumb","itemListElement":[{"@type":"ListItem","position":1,"name":"Strona g\u0142\u00f3wna","item":"https:\/\/sonic-service.pl\/de\/"},{"@type":"ListItem","position":2,"name":"Angebot","item":"https:\/\/sonic-service.pl\/de\/angebot\/"},{"@type":"ListItem","position":3,"name":"D\u00e4cher","item":"https:\/\/sonic-service.pl\/de\/angebot\/daecher\/"},{"@type":"ListItem","position":4,"name":"Malen"}]},{"@type":"WebSite","@id":"https:\/\/sonic-service.pl\/de\/#website","url":"https:\/\/sonic-service.pl\/de\/","name":"Sonic Service","description":"","publisher":{"@id":"https:\/\/sonic-service.pl\/de\/#organization"},"potentialAction":[{"@type":"SearchAction","target":{"@type":"EntryPoint","urlTemplate":"https:\/\/sonic-service.pl\/de\/?s={search_term_string}"},"query-input":{"@type":"PropertyValueSpecification","valueRequired":true,"valueName":"search_term_string"}}],"inLanguage":"de"},{"@type":"Organization","@id":"https:\/\/sonic-service.pl\/de\/#organization","name":"Sonic Servie","url":"https:\/\/sonic-service.pl\/de\/","logo":{"@type":"ImageObject","inLanguage":"de","@id":"https:\/\/sonic-service.pl\/de\/#\/schema\/logo\/image\/","url":"https:\/\/sonic-service.pl\/wp-content\/uploads\/2019\/01\/logo-sonic-service-1.png","contentUrl":"https:\/\/sonic-service.pl\/wp-content\/uploads\/2019\/01\/logo-sonic-service-1.png","width":188,"height":82,"caption":"Sonic Servie"},"image":{"@id":"https:\/\/sonic-service.pl\/de\/#\/schema\/logo\/image\/"}}]}},"_links":{"self":[{"href":"https:\/\/sonic-service.pl\/de\/wp-json\/wp\/v2\/pages\/730","targetHints":{"allow":["GET"]}}],"collection":[{"href":"https:\/\/sonic-service.pl\/de\/wp-json\/wp\/v2\/pages"}],"about":[{"href":"https:\/\/sonic-service.pl\/de\/wp-json\/wp\/v2\/types\/page"}],"author":[{"embeddable":true,"href":"https:\/\/sonic-service.pl\/de\/wp-json\/wp\/v2\/users\/1"}],"replies":[{"embeddable":true,"href":"https:\/\/sonic-service.pl\/de\/wp-json\/wp\/v2\/comments?post=730"}],"version-history":[{"count":2,"href":"https:\/\/sonic-service.pl\/de\/wp-json\/wp\/v2\/pages\/730\/revisions"}],"predecessor-version":[{"id":1161,"href":"https:\/\/sonic-service.pl\/de\/wp-json\/wp\/v2\/pages\/730\/revisions\/1161"}],"up":[{"embeddable":true,"href":"https:\/\/sonic-service.pl\/de\/wp-json\/wp\/v2\/pages\/717"}],"wp:attachment":[{"href":"https:\/\/sonic-service.pl\/de\/wp-json\/wp\/v2\/media?parent=730"}],"curies":[{"name":"wp","href":"https:\/\/api.w.org\/{rel}","templated":true}]}}