{"id":738,"date":"2019-06-10T12:54:56","date_gmt":"2019-06-10T10:54:56","guid":{"rendered":"https:\/\/sonic.roan24.com\/oferta\/uslugi-alpinistyczne\/inspekcje\/"},"modified":"2019-06-21T15:13:45","modified_gmt":"2019-06-21T13:13:45","slug":"inspektionen","status":"publish","type":"page","link":"https:\/\/sonic-service.pl\/de\/angebot\/uslugi-alpinistyczne\/inspektionen\/","title":{"rendered":"Inspektionen"},"content":{"rendered":"\t\t<div data-elementor-type=\"wp-post\" data-elementor-id=\"738\" class=\"elementor elementor-738 elementor-493\" data-elementor-post-type=\"page\">\n\t\t\t\t\t\t<section class=\"elementor-section elementor-top-section elementor-element elementor-element-5a4823bd elementor-reverse-tablet elementor-reverse-mobile elementor-section-boxed elementor-section-height-default elementor-section-height-default\" data-id=\"5a4823bd\" data-element_type=\"section\" data-settings=\"{&quot;jet_parallax_layout_list&quot;:[{&quot;jet_parallax_layout_image&quot;:{&quot;url&quot;:&quot;&quot;,&quot;id&quot;:&quot;&quot;,&quot;size&quot;:&quot;&quot;},&quot;_id&quot;:&quot;df21b0b&quot;,&quot;jet_parallax_layout_image_tablet&quot;:{&quot;url&quot;:&quot;&quot;,&quot;id&quot;:&quot;&quot;,&quot;size&quot;:&quot;&quot;},&quot;jet_parallax_layout_image_mobile&quot;:{&quot;url&quot;:&quot;&quot;,&quot;id&quot;:&quot;&quot;,&quot;size&quot;:&quot;&quot;},&quot;jet_parallax_layout_speed&quot;:{&quot;unit&quot;:&quot;%&quot;,&quot;size&quot;:50,&quot;sizes&quot;:[]},&quot;jet_parallax_layout_type&quot;:&quot;scroll&quot;,&quot;jet_parallax_layout_z_index&quot;:&quot;&quot;,&quot;jet_parallax_layout_bg_x&quot;:50,&quot;jet_parallax_layout_bg_y&quot;:50,&quot;jet_parallax_layout_bg_size&quot;:&quot;auto&quot;,&quot;jet_parallax_layout_animation_prop&quot;:&quot;transform&quot;,&quot;jet_parallax_layout_on&quot;:[&quot;desktop&quot;,&quot;tablet&quot;],&quot;jet_parallax_layout_direction&quot;:&quot;1&quot;,&quot;jet_parallax_layout_fx_direction&quot;:null,&quot;jet_parallax_layout_bg_x_tablet&quot;:&quot;&quot;,&quot;jet_parallax_layout_bg_x_mobile&quot;:&quot;&quot;,&quot;jet_parallax_layout_bg_y_tablet&quot;:&quot;&quot;,&quot;jet_parallax_layout_bg_y_mobile&quot;:&quot;&quot;,&quot;jet_parallax_layout_bg_size_tablet&quot;:&quot;&quot;,&quot;jet_parallax_layout_bg_size_mobile&quot;:&quot;&quot;}]}\">\n\t\t\t\t\t\t<div class=\"elementor-container elementor-column-gap-extended\">\n\t\t\t\t\t<div class=\"aux-parallax-section elementor-column elementor-col-50 elementor-top-column elementor-element elementor-element-6d912d86\" data-id=\"6d912d86\" data-element_type=\"column\">\n\t\t\t<div class=\"elementor-widget-wrap elementor-element-populated\">\n\t\t\t\t\t\t<div class=\"elementor-element elementor-element-35d0cc3f aux-appear-watch-animation aux-fade-in-up elementor-widget elementor-widget-aux_modern_heading\" data-id=\"35d0cc3f\" data-element_type=\"widget\" data-widget_type=\"aux_modern_heading.default\">\n\t\t\t\t<div class=\"elementor-widget-container\">\n\t\t\t\t\t<section class=\"aux-widget-modern-heading\">\n            <div class=\"aux-widget-inner\"><div class=\"aux-modern-heading-divider\"><\/div><h2 class=\"aux-modern-heading-primary\">Sonic Service<\/h2><h3 class=\"aux-modern-heading-secondary\"><span class=\"aux-head-before\">Inspektionen<\/span><\/h3><div class=\"aux-modern-heading-description\">Als Eigent\u00fcmer sind Sie verpflichtet, daf\u00fcr zu sorgen, dass die Konstruktion den baurechtlichen Vorschriften entspricht. Mit unseren qualifizierten, freundlichen und <strong>schnellen Inspektionsdiensten<\/strong> stellen Sie sicher, dass Ihre Arbeit den gesetzlichen Anforderungen und Vorschriften entspricht.<\/div><\/div>\n        <\/section>\t\t\t\t<\/div>\n\t\t\t\t<\/div>\n\t\t\t\t<div class=\"elementor-element elementor-element-3480a5fd aux-appear-watch-animation aux-fade-in-up elementor-widget elementor-widget-text-editor\" data-id=\"3480a5fd\" data-element_type=\"widget\" data-widget_type=\"text-editor.default\">\n\t\t\t\t<div class=\"elementor-widget-container\">\n\t\t\t\t\t\t\t\t\tWir verwenden <strong>professionelle Seilzugangstechniken<\/strong>, die Arbeitskosten im Zusammenhang mit dem Einsatz von Ger\u00fcsten und Aufz\u00fcgen minimieren.\t\t\t\t\t\t\t\t<\/div>\n\t\t\t\t<\/div>\n\t\t\t\t\t<\/div>\n\t\t<\/div>\n\t\t\t\t<div class=\"aux-parallax-section elementor-column elementor-col-50 elementor-top-column elementor-element elementor-element-70fd2630\" data-id=\"70fd2630\" data-element_type=\"column\">\n\t\t\t<div class=\"elementor-widget-wrap elementor-element-populated\">\n\t\t\t\t\t\t<div class=\"elementor-element elementor-element-1e0436e6 elementor-widget elementor-widget-image\" data-id=\"1e0436e6\" data-element_type=\"widget\" data-widget_type=\"image.default\">\n\t\t\t\t<div class=\"elementor-widget-container\">\n\t\t\t\t\t\t\t\t\t\t\t\t\t\t\t<img fetchpriority=\"high\" decoding=\"async\" width=\"1000\" height=\"667\" src=\"https:\/\/sonic-service.pl\/wp-content\/uploads\/2019\/04\/inspekcje.jpg\" class=\"attachment-large size-large wp-image-627\" alt=\"\" \/>\t\t\t\t\t\t\t\t\t\t\t\t\t\t\t<\/div>\n\t\t\t\t<\/div>\n\t\t\t\t\t<\/div>\n\t\t<\/div>\n\t\t\t\t\t<\/div>\n\t\t<\/section>\n\t\t\t\t<section class=\"elementor-section elementor-top-section elementor-element elementor-element-7db91991 elementor-section-full_width elementor-section-height-default elementor-section-height-default\" data-id=\"7db91991\" data-element_type=\"section\" data-settings=\"{&quot;background_background&quot;:&quot;classic&quot;,&quot;jet_parallax_layout_list&quot;:[{&quot;jet_parallax_layout_image&quot;:{&quot;url&quot;:&quot;&quot;,&quot;id&quot;:&quot;&quot;,&quot;size&quot;:&quot;&quot;},&quot;_id&quot;:&quot;36b1b15&quot;,&quot;jet_parallax_layout_image_tablet&quot;:{&quot;url&quot;:&quot;&quot;,&quot;id&quot;:&quot;&quot;,&quot;size&quot;:&quot;&quot;},&quot;jet_parallax_layout_image_mobile&quot;:{&quot;url&quot;:&quot;&quot;,&quot;id&quot;:&quot;&quot;,&quot;size&quot;:&quot;&quot;},&quot;jet_parallax_layout_speed&quot;:{&quot;unit&quot;:&quot;%&quot;,&quot;size&quot;:50,&quot;sizes&quot;:[]},&quot;jet_parallax_layout_type&quot;:&quot;scroll&quot;,&quot;jet_parallax_layout_z_index&quot;:&quot;&quot;,&quot;jet_parallax_layout_bg_x&quot;:50,&quot;jet_parallax_layout_bg_y&quot;:50,&quot;jet_parallax_layout_bg_size&quot;:&quot;auto&quot;,&quot;jet_parallax_layout_animation_prop&quot;:&quot;transform&quot;,&quot;jet_parallax_layout_on&quot;:[&quot;desktop&quot;,&quot;tablet&quot;],&quot;jet_parallax_layout_direction&quot;:&quot;1&quot;,&quot;jet_parallax_layout_fx_direction&quot;:null,&quot;jet_parallax_layout_bg_x_tablet&quot;:&quot;&quot;,&quot;jet_parallax_layout_bg_x_mobile&quot;:&quot;&quot;,&quot;jet_parallax_layout_bg_y_tablet&quot;:&quot;&quot;,&quot;jet_parallax_layout_bg_y_mobile&quot;:&quot;&quot;,&quot;jet_parallax_layout_bg_size_tablet&quot;:&quot;&quot;,&quot;jet_parallax_layout_bg_size_mobile&quot;:&quot;&quot;}]}\">\n\t\t\t\t\t\t<div class=\"elementor-container elementor-column-gap-default\">\n\t\t\t\t\t<div class=\"aux-parallax-section elementor-column elementor-col-100 elementor-top-column elementor-element elementor-element-5b972825\" data-id=\"5b972825\" data-element_type=\"column\">\n\t\t\t<div class=\"elementor-widget-wrap elementor-element-populated\">\n\t\t\t\t\t\t<div class=\"elementor-element elementor-element-ac31d1c aux-appear-watch-animation aux-fade-in-up elementor-widget elementor-widget-aux_modern_heading\" data-id=\"ac31d1c\" data-element_type=\"widget\" data-widget_type=\"aux_modern_heading.default\">\n\t\t\t\t<div class=\"elementor-widget-container\">\n\t\t\t\t\t<section class=\"aux-widget-modern-heading\">\n            <div class=\"aux-widget-inner\"><h2 class=\"aux-modern-heading-primary\">H\u00f6chste Qualit\u00e4t und P\u00fcnktlichkeit<\/h2><h3 class=\"aux-modern-heading-secondary\"><span class=\"aux-head-before\">Wie viel kostest unsere Dienstleistungen ein?<\/span><\/h3><div class=\"aux-modern-heading-description\">Der Preis der Dienstleistung h\u00e4ngt von vielen Faktoren ab, einschlie\u00dflich der Zugangsschwierigkeiten und der Art des Schmutzes.<\/div><\/div>\n        <\/section>\t\t\t\t<\/div>\n\t\t\t\t<\/div>\n\t\t\t\t<div class=\"elementor-element elementor-element-613a9d79 aux-appear-watch-animation aux-fade-in elementor-widget elementor-widget-aux_image\" data-id=\"613a9d79\" data-element_type=\"widget\" data-widget_type=\"aux_image.default\">\n\t\t\t\t<div class=\"elementor-widget-container\">\n\t\t\t\t\t<section class=\"widget-container aux-widget-image aux-alignnone aux-parent-auc670b011\">\n    <div class=\"aux-media-hint-frame \">\n        <div class=\"aux-media-image \" >\n        \n            \n\n            \n            <img decoding=\"async\" width=\"845\" height=\"845\" src=\"https:\/\/sonic-service.pl\/wp-content\/uploads\/2019\/01\/Subtraction-1-1024x1024.png\" class=\"aux-attachment aux-featured-image aux-attachment-id-45\" alt=\"demo-attachment-561-Subtraction-1\" srcset=\"https:\/\/sonic-service.pl\/wp-content\/uploads\/2019\/01\/Subtraction-1-150x150.png 150w,https:\/\/sonic-service.pl\/wp-content\/uploads\/2019\/01\/Subtraction-1-300x300.png 300w,https:\/\/sonic-service.pl\/wp-content\/uploads\/2019\/01\/Subtraction-1-768x768.png 768w,https:\/\/sonic-service.pl\/wp-content\/uploads\/2019\/01\/Subtraction-1-1024x1024.png 845w\" data-ratio=\"1\" data-original-w=\"845\" sizes=\"(max-width:479px) 480px,(max-width:767px) 768px,(max-width:1023px) 1024px,845px\" \/>            \n                <\/div>\n    <\/div>\n\n<\/section><!-- widget-container -->\t\t\t\t<\/div>\n\t\t\t\t<\/div>\n\t\t\t\t<section class=\"elementor-section elementor-inner-section elementor-element elementor-element-444bc51b elementor-section-boxed elementor-section-height-default elementor-section-height-default\" data-id=\"444bc51b\" data-element_type=\"section\" data-settings=\"{&quot;jet_parallax_layout_list&quot;:[{&quot;jet_parallax_layout_image&quot;:{&quot;url&quot;:&quot;&quot;,&quot;id&quot;:&quot;&quot;,&quot;size&quot;:&quot;&quot;},&quot;_id&quot;:&quot;9b669ea&quot;,&quot;jet_parallax_layout_image_tablet&quot;:{&quot;url&quot;:&quot;&quot;,&quot;id&quot;:&quot;&quot;,&quot;size&quot;:&quot;&quot;},&quot;jet_parallax_layout_image_mobile&quot;:{&quot;url&quot;:&quot;&quot;,&quot;id&quot;:&quot;&quot;,&quot;size&quot;:&quot;&quot;},&quot;jet_parallax_layout_speed&quot;:{&quot;unit&quot;:&quot;%&quot;,&quot;size&quot;:50,&quot;sizes&quot;:[]},&quot;jet_parallax_layout_type&quot;:&quot;scroll&quot;,&quot;jet_parallax_layout_z_index&quot;:&quot;&quot;,&quot;jet_parallax_layout_bg_x&quot;:50,&quot;jet_parallax_layout_bg_y&quot;:50,&quot;jet_parallax_layout_bg_size&quot;:&quot;auto&quot;,&quot;jet_parallax_layout_animation_prop&quot;:&quot;transform&quot;,&quot;jet_parallax_layout_on&quot;:[&quot;desktop&quot;,&quot;tablet&quot;],&quot;jet_parallax_layout_direction&quot;:&quot;1&quot;,&quot;jet_parallax_layout_fx_direction&quot;:null,&quot;jet_parallax_layout_bg_x_tablet&quot;:&quot;&quot;,&quot;jet_parallax_layout_bg_x_mobile&quot;:&quot;&quot;,&quot;jet_parallax_layout_bg_y_tablet&quot;:&quot;&quot;,&quot;jet_parallax_layout_bg_y_mobile&quot;:&quot;&quot;,&quot;jet_parallax_layout_bg_size_tablet&quot;:&quot;&quot;,&quot;jet_parallax_layout_bg_size_mobile&quot;:&quot;&quot;}]}\">\n\t\t\t\t\t\t<div class=\"elementor-container elementor-column-gap-default\">\n\t\t\t\t\t<div class=\"aux-parallax-section elementor-column elementor-col-50 elementor-inner-column elementor-element elementor-element-604aaa8 aux-appear-watch-animation aux-fade-in-right-1\" data-id=\"604aaa8\" data-element_type=\"column\">\n\t\t\t<div class=\"elementor-widget-wrap elementor-element-populated\">\n\t\t\t\t\t\t<div class=\"elementor-element elementor-element-7afd6315 elementor-widget elementor-widget-aux_modern_heading\" data-id=\"7afd6315\" data-element_type=\"widget\" data-widget_type=\"aux_modern_heading.default\">\n\t\t\t\t<div class=\"elementor-widget-container\">\n\t\t\t\t\t<section class=\"aux-widget-modern-heading\">\n            <div class=\"aux-widget-inner\"><div class=\"aux-modern-heading-divider\"><\/div><h2 class=\"aux-modern-heading-primary\">1.<\/h2><div class=\"aux-modern-heading-description\">Vereinbaren Sie einen Termin f\u00fcr einen kostenlosen Besichtigungstermin.\n<\/div><\/div>\n        <\/section>\t\t\t\t<\/div>\n\t\t\t\t<\/div>\n\t\t\t\t\t<\/div>\n\t\t<\/div>\n\t\t\t\t<div class=\"aux-parallax-section elementor-column elementor-col-50 elementor-inner-column elementor-element elementor-element-ed1fdb1 aux-appear-watch-animation aux-fade-in-right-1\" data-id=\"ed1fdb1\" data-element_type=\"column\">\n\t\t\t<div class=\"elementor-widget-wrap elementor-element-populated\">\n\t\t\t\t\t\t<div class=\"elementor-element elementor-element-6bb2b66a elementor-widget elementor-widget-aux_modern_heading\" data-id=\"6bb2b66a\" data-element_type=\"widget\" data-widget_type=\"aux_modern_heading.default\">\n\t\t\t\t<div class=\"elementor-widget-container\">\n\t\t\t\t\t<section class=\"aux-widget-modern-heading\">\n            <div class=\"aux-widget-inner\"><div class=\"aux-modern-heading-divider\"><\/div><h2 class=\"aux-modern-heading-primary\">2.<\/h2><div class=\"aux-modern-heading-description\">Senden von Fotos mit einer detaillierten Beschreibung der geplanten Arbeit per E-Mail.<\/div><\/div>\n        <\/section>\t\t\t\t<\/div>\n\t\t\t\t<\/div>\n\t\t\t\t\t<\/div>\n\t\t<\/div>\n\t\t\t\t\t<\/div>\n\t\t<\/section>\n\t\t\t\t\t<\/div>\n\t\t<\/div>\n\t\t\t\t\t<\/div>\n\t\t<\/section>\n\t\t\t\t<\/div>\n\t\t","protected":false},"excerpt":{"rendered":"<p>Sonic Service Inspektionen Als Eigent\u00fcmer sind Sie verpflichtet, daf\u00fcr zu sorgen, dass die Konstruktion den baurechtlichen Vorschriften entspricht. Mit unseren qualifizierten, freundlichen und schnellen Inspektionsdiensten stellen Sie sicher, dass Ihre Arbeit den gesetzlichen Anforderungen und Vorschriften entspricht. Wir verwenden professionelle Seilzugangstechniken, die Arbeitskosten im Zusammenhang mit dem Einsatz von Ger\u00fcsten und Aufz\u00fcgen minimieren. H\u00f6chste Qualit\u00e4t [&hellip;]<\/p>\n","protected":false},"author":1,"featured_media":0,"parent":705,"menu_order":0,"comment_status":"closed","ping_status":"closed","template":"","meta":{"_exactmetrics_skip_tracking":false,"_exactmetrics_sitenote_active":false,"_exactmetrics_sitenote_note":"","_exactmetrics_sitenote_category":0,"footnotes":""},"class_list":["post-738","page","type-page","status-publish","hentry"],"yoast_head":"<!-- This site is optimized with the Yoast SEO plugin v26.0 - https:\/\/yoast.com\/wordpress\/plugins\/seo\/ -->\n<title>Inspektionen &#8902; Sonic Service<\/title>\n<meta name=\"robots\" content=\"index, follow, max-snippet:-1, max-image-preview:large, max-video-preview:-1\" \/>\n<link rel=\"canonical\" href=\"https:\/\/sonic-service.pl\/de\/angebot\/uslugi-alpinistyczne\/inspektionen\/\" \/>\n<meta property=\"og:locale\" content=\"de_DE\" \/>\n<meta property=\"og:type\" content=\"article\" \/>\n<meta property=\"og:title\" content=\"Inspektionen &#8902; Sonic Service\" \/>\n<meta property=\"og:description\" content=\"Sonic Service Inspektionen Als Eigent\u00fcmer sind Sie verpflichtet, daf\u00fcr zu sorgen, dass die Konstruktion den baurechtlichen Vorschriften entspricht. Mit unseren qualifizierten, freundlichen und schnellen Inspektionsdiensten stellen Sie sicher, dass Ihre Arbeit den gesetzlichen Anforderungen und Vorschriften entspricht. Wir verwenden professionelle Seilzugangstechniken, die Arbeitskosten im Zusammenhang mit dem Einsatz von Ger\u00fcsten und Aufz\u00fcgen minimieren. H\u00f6chste Qualit\u00e4t [&hellip;]\" \/>\n<meta property=\"og:url\" content=\"https:\/\/sonic-service.pl\/de\/angebot\/uslugi-alpinistyczne\/inspektionen\/\" \/>\n<meta property=\"og:site_name\" content=\"Sonic Service\" \/>\n<meta property=\"article:modified_time\" content=\"2019-06-21T13:13:45+00:00\" \/>\n<meta property=\"og:image\" content=\"https:\/\/sonic-service.pl\/wp-content\/uploads\/2019\/04\/inspekcje.jpg\" \/>\n<meta name=\"twitter:card\" content=\"summary_large_image\" \/>\n<meta name=\"twitter:label1\" content=\"Gesch\u00e4tzte Lesezeit\" \/>\n\t<meta name=\"twitter:data1\" content=\"1\u00a0Minute\" \/>\n<script type=\"application\/ld+json\" class=\"yoast-schema-graph\">{\"@context\":\"https:\/\/schema.org\",\"@graph\":[{\"@type\":\"WebPage\",\"@id\":\"https:\/\/sonic-service.pl\/de\/angebot\/uslugi-alpinistyczne\/inspektionen\/\",\"url\":\"https:\/\/sonic-service.pl\/de\/angebot\/uslugi-alpinistyczne\/inspektionen\/\",\"name\":\"Inspektionen &#8902; Sonic Service\",\"isPartOf\":{\"@id\":\"https:\/\/sonic-service.pl\/de\/#website\"},\"primaryImageOfPage\":{\"@id\":\"https:\/\/sonic-service.pl\/de\/angebot\/uslugi-alpinistyczne\/inspektionen\/#primaryimage\"},\"image\":{\"@id\":\"https:\/\/sonic-service.pl\/de\/angebot\/uslugi-alpinistyczne\/inspektionen\/#primaryimage\"},\"thumbnailUrl\":\"https:\/\/sonic-service.pl\/wp-content\/uploads\/2019\/04\/inspekcje.jpg\",\"datePublished\":\"2019-06-10T10:54:56+00:00\",\"dateModified\":\"2019-06-21T13:13:45+00:00\",\"breadcrumb\":{\"@id\":\"https:\/\/sonic-service.pl\/de\/angebot\/uslugi-alpinistyczne\/inspektionen\/#breadcrumb\"},\"inLanguage\":\"de\",\"potentialAction\":[{\"@type\":\"ReadAction\",\"target\":[\"https:\/\/sonic-service.pl\/de\/angebot\/uslugi-alpinistyczne\/inspektionen\/\"]}]},{\"@type\":\"ImageObject\",\"inLanguage\":\"de\",\"@id\":\"https:\/\/sonic-service.pl\/de\/angebot\/uslugi-alpinistyczne\/inspektionen\/#primaryimage\",\"url\":\"https:\/\/sonic-service.pl\/wp-content\/uploads\/2019\/04\/inspekcje.jpg\",\"contentUrl\":\"https:\/\/sonic-service.pl\/wp-content\/uploads\/2019\/04\/inspekcje.jpg\"},{\"@type\":\"BreadcrumbList\",\"@id\":\"https:\/\/sonic-service.pl\/de\/angebot\/uslugi-alpinistyczne\/inspektionen\/#breadcrumb\",\"itemListElement\":[{\"@type\":\"ListItem\",\"position\":1,\"name\":\"Strona g\u0142\u00f3wna\",\"item\":\"https:\/\/sonic-service.pl\/de\/\"},{\"@type\":\"ListItem\",\"position\":2,\"name\":\"Angebot\",\"item\":\"https:\/\/sonic-service.pl\/de\/angebot\/\"},{\"@type\":\"ListItem\",\"position\":3,\"name\":\"Us\u0142ugi Alpinistyczne\",\"item\":\"https:\/\/sonic-service.pl\/de\/angebot\/uslugi-alpinistyczne\/\"},{\"@type\":\"ListItem\",\"position\":4,\"name\":\"Inspektionen\"}]},{\"@type\":\"WebSite\",\"@id\":\"https:\/\/sonic-service.pl\/de\/#website\",\"url\":\"https:\/\/sonic-service.pl\/de\/\",\"name\":\"Sonic Service\",\"description\":\"\",\"publisher\":{\"@id\":\"https:\/\/sonic-service.pl\/de\/#organization\"},\"potentialAction\":[{\"@type\":\"SearchAction\",\"target\":{\"@type\":\"EntryPoint\",\"urlTemplate\":\"https:\/\/sonic-service.pl\/de\/?s={search_term_string}\"},\"query-input\":{\"@type\":\"PropertyValueSpecification\",\"valueRequired\":true,\"valueName\":\"search_term_string\"}}],\"inLanguage\":\"de\"},{\"@type\":\"Organization\",\"@id\":\"https:\/\/sonic-service.pl\/de\/#organization\",\"name\":\"Sonic Servie\",\"url\":\"https:\/\/sonic-service.pl\/de\/\",\"logo\":{\"@type\":\"ImageObject\",\"inLanguage\":\"de\",\"@id\":\"https:\/\/sonic-service.pl\/de\/#\/schema\/logo\/image\/\",\"url\":\"https:\/\/sonic-service.pl\/wp-content\/uploads\/2019\/01\/logo-sonic-service-1.png\",\"contentUrl\":\"https:\/\/sonic-service.pl\/wp-content\/uploads\/2019\/01\/logo-sonic-service-1.png\",\"width\":188,\"height\":82,\"caption\":\"Sonic Servie\"},\"image\":{\"@id\":\"https:\/\/sonic-service.pl\/de\/#\/schema\/logo\/image\/\"}}]}<\/script>\n<!-- \/ Yoast SEO plugin. -->","yoast_head_json":{"title":"Inspektionen &#8902; Sonic Service","robots":{"index":"index","follow":"follow","max-snippet":"max-snippet:-1","max-image-preview":"max-image-preview:large","max-video-preview":"max-video-preview:-1"},"canonical":"https:\/\/sonic-service.pl\/de\/angebot\/uslugi-alpinistyczne\/inspektionen\/","og_locale":"de_DE","og_type":"article","og_title":"Inspektionen &#8902; Sonic Service","og_description":"Sonic Service Inspektionen Als Eigent\u00fcmer sind Sie verpflichtet, daf\u00fcr zu sorgen, dass die Konstruktion den baurechtlichen Vorschriften entspricht. Mit unseren qualifizierten, freundlichen und schnellen Inspektionsdiensten stellen Sie sicher, dass Ihre Arbeit den gesetzlichen Anforderungen und Vorschriften entspricht. Wir verwenden professionelle Seilzugangstechniken, die Arbeitskosten im Zusammenhang mit dem Einsatz von Ger\u00fcsten und Aufz\u00fcgen minimieren. H\u00f6chste Qualit\u00e4t [&hellip;]","og_url":"https:\/\/sonic-service.pl\/de\/angebot\/uslugi-alpinistyczne\/inspektionen\/","og_site_name":"Sonic Service","article_modified_time":"2019-06-21T13:13:45+00:00","og_image":[{"url":"https:\/\/sonic-service.pl\/wp-content\/uploads\/2019\/04\/inspekcje.jpg","type":"","width":"","height":""}],"twitter_card":"summary_large_image","twitter_misc":{"Gesch\u00e4tzte Lesezeit":"1\u00a0Minute"},"schema":{"@context":"https:\/\/schema.org","@graph":[{"@type":"WebPage","@id":"https:\/\/sonic-service.pl\/de\/angebot\/uslugi-alpinistyczne\/inspektionen\/","url":"https:\/\/sonic-service.pl\/de\/angebot\/uslugi-alpinistyczne\/inspektionen\/","name":"Inspektionen &#8902; Sonic Service","isPartOf":{"@id":"https:\/\/sonic-service.pl\/de\/#website"},"primaryImageOfPage":{"@id":"https:\/\/sonic-service.pl\/de\/angebot\/uslugi-alpinistyczne\/inspektionen\/#primaryimage"},"image":{"@id":"https:\/\/sonic-service.pl\/de\/angebot\/uslugi-alpinistyczne\/inspektionen\/#primaryimage"},"thumbnailUrl":"https:\/\/sonic-service.pl\/wp-content\/uploads\/2019\/04\/inspekcje.jpg","datePublished":"2019-06-10T10:54:56+00:00","dateModified":"2019-06-21T13:13:45+00:00","breadcrumb":{"@id":"https:\/\/sonic-service.pl\/de\/angebot\/uslugi-alpinistyczne\/inspektionen\/#breadcrumb"},"inLanguage":"de","potentialAction":[{"@type":"ReadAction","target":["https:\/\/sonic-service.pl\/de\/angebot\/uslugi-alpinistyczne\/inspektionen\/"]}]},{"@type":"ImageObject","inLanguage":"de","@id":"https:\/\/sonic-service.pl\/de\/angebot\/uslugi-alpinistyczne\/inspektionen\/#primaryimage","url":"https:\/\/sonic-service.pl\/wp-content\/uploads\/2019\/04\/inspekcje.jpg","contentUrl":"https:\/\/sonic-service.pl\/wp-content\/uploads\/2019\/04\/inspekcje.jpg"},{"@type":"BreadcrumbList","@id":"https:\/\/sonic-service.pl\/de\/angebot\/uslugi-alpinistyczne\/inspektionen\/#breadcrumb","itemListElement":[{"@type":"ListItem","position":1,"name":"Strona g\u0142\u00f3wna","item":"https:\/\/sonic-service.pl\/de\/"},{"@type":"ListItem","position":2,"name":"Angebot","item":"https:\/\/sonic-service.pl\/de\/angebot\/"},{"@type":"ListItem","position":3,"name":"Us\u0142ugi Alpinistyczne","item":"https:\/\/sonic-service.pl\/de\/angebot\/uslugi-alpinistyczne\/"},{"@type":"ListItem","position":4,"name":"Inspektionen"}]},{"@type":"WebSite","@id":"https:\/\/sonic-service.pl\/de\/#website","url":"https:\/\/sonic-service.pl\/de\/","name":"Sonic Service","description":"","publisher":{"@id":"https:\/\/sonic-service.pl\/de\/#organization"},"potentialAction":[{"@type":"SearchAction","target":{"@type":"EntryPoint","urlTemplate":"https:\/\/sonic-service.pl\/de\/?s={search_term_string}"},"query-input":{"@type":"PropertyValueSpecification","valueRequired":true,"valueName":"search_term_string"}}],"inLanguage":"de"},{"@type":"Organization","@id":"https:\/\/sonic-service.pl\/de\/#organization","name":"Sonic Servie","url":"https:\/\/sonic-service.pl\/de\/","logo":{"@type":"ImageObject","inLanguage":"de","@id":"https:\/\/sonic-service.pl\/de\/#\/schema\/logo\/image\/","url":"https:\/\/sonic-service.pl\/wp-content\/uploads\/2019\/01\/logo-sonic-service-1.png","contentUrl":"https:\/\/sonic-service.pl\/wp-content\/uploads\/2019\/01\/logo-sonic-service-1.png","width":188,"height":82,"caption":"Sonic Servie"},"image":{"@id":"https:\/\/sonic-service.pl\/de\/#\/schema\/logo\/image\/"}}]}},"_links":{"self":[{"href":"https:\/\/sonic-service.pl\/de\/wp-json\/wp\/v2\/pages\/738","targetHints":{"allow":["GET"]}}],"collection":[{"href":"https:\/\/sonic-service.pl\/de\/wp-json\/wp\/v2\/pages"}],"about":[{"href":"https:\/\/sonic-service.pl\/de\/wp-json\/wp\/v2\/types\/page"}],"author":[{"embeddable":true,"href":"https:\/\/sonic-service.pl\/de\/wp-json\/wp\/v2\/users\/1"}],"replies":[{"embeddable":true,"href":"https:\/\/sonic-service.pl\/de\/wp-json\/wp\/v2\/comments?post=738"}],"version-history":[{"count":2,"href":"https:\/\/sonic-service.pl\/de\/wp-json\/wp\/v2\/pages\/738\/revisions"}],"predecessor-version":[{"id":1172,"href":"https:\/\/sonic-service.pl\/de\/wp-json\/wp\/v2\/pages\/738\/revisions\/1172"}],"up":[{"embeddable":true,"href":"https:\/\/sonic-service.pl\/de\/wp-json\/wp\/v2\/pages\/705"}],"wp:attachment":[{"href":"https:\/\/sonic-service.pl\/de\/wp-json\/wp\/v2\/media?parent=738"}],"curies":[{"name":"wp","href":"https:\/\/api.w.org\/{rel}","templated":true}]}}