{"id":752,"date":"2019-04-23T08:30:16","date_gmt":"2019-04-23T06:30:16","guid":{"rendered":"https:\/\/sonic.roan24.com\/oferta\/uslugi-alpinistyczne\/uslugi-monterskie\/"},"modified":"2019-06-21T15:26:56","modified_gmt":"2019-06-21T13:26:56","slug":"uslugi-monterskie","status":"publish","type":"page","link":"https:\/\/sonic-service.pl\/de\/angebot\/uslugi-alpinistyczne\/uslugi-monterskie\/","title":{"rendered":"Us\u0142ugi Monterskie"},"content":{"rendered":"\t\t<div data-elementor-type=\"wp-post\" data-elementor-id=\"752\" class=\"elementor elementor-752 elementor-184\" data-elementor-post-type=\"page\">\n\t\t\t\t\t\t<section class=\"elementor-section elementor-top-section elementor-element elementor-element-7a41e5ad elementor-reverse-tablet elementor-reverse-mobile elementor-section-boxed elementor-section-height-default elementor-section-height-default\" data-id=\"7a41e5ad\" data-element_type=\"section\" data-settings=\"{&quot;jet_parallax_layout_list&quot;:[{&quot;jet_parallax_layout_image&quot;:{&quot;url&quot;:&quot;&quot;,&quot;id&quot;:&quot;&quot;,&quot;size&quot;:&quot;&quot;},&quot;_id&quot;:&quot;df21b0b&quot;,&quot;jet_parallax_layout_image_tablet&quot;:{&quot;url&quot;:&quot;&quot;,&quot;id&quot;:&quot;&quot;,&quot;size&quot;:&quot;&quot;},&quot;jet_parallax_layout_image_mobile&quot;:{&quot;url&quot;:&quot;&quot;,&quot;id&quot;:&quot;&quot;,&quot;size&quot;:&quot;&quot;},&quot;jet_parallax_layout_speed&quot;:{&quot;unit&quot;:&quot;%&quot;,&quot;size&quot;:50,&quot;sizes&quot;:[]},&quot;jet_parallax_layout_type&quot;:&quot;scroll&quot;,&quot;jet_parallax_layout_z_index&quot;:&quot;&quot;,&quot;jet_parallax_layout_bg_x&quot;:50,&quot;jet_parallax_layout_bg_y&quot;:50,&quot;jet_parallax_layout_bg_size&quot;:&quot;auto&quot;,&quot;jet_parallax_layout_animation_prop&quot;:&quot;transform&quot;,&quot;jet_parallax_layout_on&quot;:[&quot;desktop&quot;,&quot;tablet&quot;],&quot;jet_parallax_layout_direction&quot;:&quot;1&quot;,&quot;jet_parallax_layout_fx_direction&quot;:null,&quot;jet_parallax_layout_bg_x_tablet&quot;:&quot;&quot;,&quot;jet_parallax_layout_bg_x_mobile&quot;:&quot;&quot;,&quot;jet_parallax_layout_bg_y_tablet&quot;:&quot;&quot;,&quot;jet_parallax_layout_bg_y_mobile&quot;:&quot;&quot;,&quot;jet_parallax_layout_bg_size_tablet&quot;:&quot;&quot;,&quot;jet_parallax_layout_bg_size_mobile&quot;:&quot;&quot;}]}\">\n\t\t\t\t\t\t<div class=\"elementor-container elementor-column-gap-extended\">\n\t\t\t\t\t<div class=\"aux-parallax-section elementor-column elementor-col-50 elementor-top-column elementor-element elementor-element-3f14e272\" data-id=\"3f14e272\" data-element_type=\"column\">\n\t\t\t<div class=\"elementor-widget-wrap elementor-element-populated\">\n\t\t\t\t\t\t<div class=\"elementor-element elementor-element-3cc57c77 aux-appear-watch-animation aux-fade-in-up elementor-widget elementor-widget-aux_modern_heading\" data-id=\"3cc57c77\" data-element_type=\"widget\" data-widget_type=\"aux_modern_heading.default\">\n\t\t\t\t<div class=\"elementor-widget-container\">\n\t\t\t\t\t<section class=\"aux-widget-modern-heading\">\n            <div class=\"aux-widget-inner\"><div class=\"aux-modern-heading-divider\"><\/div><h2 class=\"aux-modern-heading-primary\">Sonic Service<\/h2><h3 class=\"aux-modern-heading-secondary\"><span class=\"aux-head-before\">Montageleistungen<\/span><\/h3><div class=\"aux-modern-heading-description\">Unterst\u00fctzung von Industriekletterern bei gro\u00dfen Montageauftr\u00e4gen mit Kr\u00e4nen und Hebezeugen. Stahlkonstruktionen, Industriehallen.<\/div><\/div>\n        <\/section>\t\t\t\t<\/div>\n\t\t\t\t<\/div>\n\t\t\t\t<div class=\"elementor-element elementor-element-3e2dd16a aux-appear-watch-animation aux-fade-in-up elementor-widget elementor-widget-text-editor\" data-id=\"3e2dd16a\" data-element_type=\"widget\" data-widget_type=\"text-editor.default\">\n\t\t\t\t<div class=\"elementor-widget-container\">\n\t\t\t\t\t\t\t\t\tWir verwenden <strong>professionelle Seilzugangstechniken<\/strong>, die Arbeitskosten im Zusammenhang mit dem Einsatz von Ger\u00fcsten und Aufz\u00fcgen minimieren.\t\t\t\t\t\t\t\t<\/div>\n\t\t\t\t<\/div>\n\t\t\t\t\t<\/div>\n\t\t<\/div>\n\t\t\t\t<div class=\"aux-parallax-section elementor-column elementor-col-50 elementor-top-column elementor-element elementor-element-64bceae0\" data-id=\"64bceae0\" data-element_type=\"column\">\n\t\t\t<div class=\"elementor-widget-wrap elementor-element-populated\">\n\t\t\t\t\t\t<div class=\"elementor-element elementor-element-0831b7c elementor-arrows-position-inside elementor-pagination-position-outside elementor-widget elementor-widget-image-carousel\" data-id=\"0831b7c\" data-element_type=\"widget\" data-settings=\"{&quot;slides_to_show&quot;:&quot;1&quot;,&quot;navigation&quot;:&quot;both&quot;,&quot;autoplay&quot;:&quot;yes&quot;,&quot;pause_on_hover&quot;:&quot;yes&quot;,&quot;pause_on_interaction&quot;:&quot;yes&quot;,&quot;autoplay_speed&quot;:5000,&quot;infinite&quot;:&quot;yes&quot;,&quot;effect&quot;:&quot;slide&quot;,&quot;speed&quot;:500}\" data-widget_type=\"image-carousel.default\">\n\t\t\t\t<div class=\"elementor-widget-container\">\n\t\t\t\t\t\t\t<div class=\"elementor-image-carousel-wrapper swiper\" role=\"region\" aria-roledescription=\"carousel\" aria-label=\"Bild Karussell\" dir=\"ltr\">\n\t\t\t<div class=\"elementor-image-carousel swiper-wrapper\" aria-live=\"off\">\n\t\t\t\t\t\t\t\t<div class=\"swiper-slide\" role=\"group\" aria-roledescription=\"slide\" aria-label=\"1 von 2\"><figure class=\"swiper-slide-inner\"><img decoding=\"async\" class=\"swiper-slide-image\" src=\"https:\/\/sonic-service.pl\/wp-content\/uploads\/2019\/04\/ZDJECIE-USLUGI-MONTERSKIE-3.jpg\" alt=\"ZDJECIE-USLUGI-MONTERSKIE-3\" \/><\/figure><\/div><div class=\"swiper-slide\" role=\"group\" aria-roledescription=\"slide\" aria-label=\"2 von 2\"><figure class=\"swiper-slide-inner\"><img decoding=\"async\" class=\"swiper-slide-image\" src=\"https:\/\/sonic-service.pl\/wp-content\/uploads\/2019\/04\/ZDJECIE-DO-USLUGI-MONTERSKIE-2.jpg\" alt=\"ZDJECIE-DO-USLUGI-MONTERSKIE 2\" \/><\/figure><\/div>\t\t\t<\/div>\n\t\t\t\t\t\t\t\t\t\t\t\t<div class=\"elementor-swiper-button elementor-swiper-button-prev\" role=\"button\" tabindex=\"0\">\n\t\t\t\t\t\t<i aria-hidden=\"true\" class=\"eicon-chevron-left\"><\/i>\t\t\t\t\t<\/div>\n\t\t\t\t\t<div class=\"elementor-swiper-button elementor-swiper-button-next\" role=\"button\" tabindex=\"0\">\n\t\t\t\t\t\t<i aria-hidden=\"true\" class=\"eicon-chevron-right\"><\/i>\t\t\t\t\t<\/div>\n\t\t\t\t\n\t\t\t\t\t\t\t\t\t<div class=\"swiper-pagination\"><\/div>\n\t\t\t\t\t\t\t\t\t<\/div>\n\t\t\t\t\t\t<\/div>\n\t\t\t\t<\/div>\n\t\t\t\t\t<\/div>\n\t\t<\/div>\n\t\t\t\t\t<\/div>\n\t\t<\/section>\n\t\t\t\t<section class=\"elementor-section elementor-top-section elementor-element elementor-element-17ce78ad elementor-section-full_width elementor-section-height-default elementor-section-height-default\" data-id=\"17ce78ad\" data-element_type=\"section\" data-settings=\"{&quot;background_background&quot;:&quot;classic&quot;,&quot;jet_parallax_layout_list&quot;:[{&quot;jet_parallax_layout_image&quot;:{&quot;url&quot;:&quot;&quot;,&quot;id&quot;:&quot;&quot;,&quot;size&quot;:&quot;&quot;},&quot;_id&quot;:&quot;36b1b15&quot;,&quot;jet_parallax_layout_image_tablet&quot;:{&quot;url&quot;:&quot;&quot;,&quot;id&quot;:&quot;&quot;,&quot;size&quot;:&quot;&quot;},&quot;jet_parallax_layout_image_mobile&quot;:{&quot;url&quot;:&quot;&quot;,&quot;id&quot;:&quot;&quot;,&quot;size&quot;:&quot;&quot;},&quot;jet_parallax_layout_speed&quot;:{&quot;unit&quot;:&quot;%&quot;,&quot;size&quot;:50,&quot;sizes&quot;:[]},&quot;jet_parallax_layout_type&quot;:&quot;scroll&quot;,&quot;jet_parallax_layout_z_index&quot;:&quot;&quot;,&quot;jet_parallax_layout_bg_x&quot;:50,&quot;jet_parallax_layout_bg_y&quot;:50,&quot;jet_parallax_layout_bg_size&quot;:&quot;auto&quot;,&quot;jet_parallax_layout_animation_prop&quot;:&quot;transform&quot;,&quot;jet_parallax_layout_on&quot;:[&quot;desktop&quot;,&quot;tablet&quot;],&quot;jet_parallax_layout_direction&quot;:&quot;1&quot;,&quot;jet_parallax_layout_fx_direction&quot;:null,&quot;jet_parallax_layout_bg_x_tablet&quot;:&quot;&quot;,&quot;jet_parallax_layout_bg_x_mobile&quot;:&quot;&quot;,&quot;jet_parallax_layout_bg_y_tablet&quot;:&quot;&quot;,&quot;jet_parallax_layout_bg_y_mobile&quot;:&quot;&quot;,&quot;jet_parallax_layout_bg_size_tablet&quot;:&quot;&quot;,&quot;jet_parallax_layout_bg_size_mobile&quot;:&quot;&quot;}]}\">\n\t\t\t\t\t\t<div class=\"elementor-container elementor-column-gap-default\">\n\t\t\t\t\t<div class=\"aux-parallax-section elementor-column elementor-col-100 elementor-top-column elementor-element elementor-element-4aac31bd\" data-id=\"4aac31bd\" data-element_type=\"column\">\n\t\t\t<div class=\"elementor-widget-wrap elementor-element-populated\">\n\t\t\t\t\t\t<div class=\"elementor-element elementor-element-561a01ec aux-appear-watch-animation aux-fade-in-up elementor-widget elementor-widget-aux_modern_heading\" data-id=\"561a01ec\" data-element_type=\"widget\" data-widget_type=\"aux_modern_heading.default\">\n\t\t\t\t<div class=\"elementor-widget-container\">\n\t\t\t\t\t<section class=\"aux-widget-modern-heading\">\n            <div class=\"aux-widget-inner\"><h2 class=\"aux-modern-heading-primary\">H\u00f6chste Qualit\u00e4t und P\u00fcnktlichkeit<\/h2><h3 class=\"aux-modern-heading-secondary\"><span class=\"aux-head-before\">Wie viel kostest unsere Dienstleistungen ein?<\/span><\/h3><div class=\"aux-modern-heading-description\">Der Preis der Dienstleistung h\u00e4ngt von vielen Faktoren ab, einschlie\u00dflich der Zugangsschwierigkeiten und der Art des Schmutzes.<\/div><\/div>\n        <\/section>\t\t\t\t<\/div>\n\t\t\t\t<\/div>\n\t\t\t\t<div class=\"elementor-element elementor-element-58d6e7f8 aux-appear-watch-animation aux-fade-in elementor-widget elementor-widget-aux_image\" data-id=\"58d6e7f8\" data-element_type=\"widget\" data-widget_type=\"aux_image.default\">\n\t\t\t\t<div class=\"elementor-widget-container\">\n\t\t\t\t\t<section class=\"widget-container aux-widget-image aux-alignnone aux-parent-au49d4f439\">\n    <div class=\"aux-media-hint-frame \">\n        <div class=\"aux-media-image \" >\n        \n            \n\n            \n            <img fetchpriority=\"high\" decoding=\"async\" width=\"845\" height=\"845\" src=\"https:\/\/sonic-service.pl\/wp-content\/uploads\/2019\/01\/Subtraction-1-1024x1024.png\" class=\"aux-attachment aux-featured-image aux-attachment-id-45\" alt=\"demo-attachment-561-Subtraction-1\" srcset=\"https:\/\/sonic-service.pl\/wp-content\/uploads\/2019\/01\/Subtraction-1-150x150.png 150w,https:\/\/sonic-service.pl\/wp-content\/uploads\/2019\/01\/Subtraction-1-300x300.png 300w,https:\/\/sonic-service.pl\/wp-content\/uploads\/2019\/01\/Subtraction-1-768x768.png 768w,https:\/\/sonic-service.pl\/wp-content\/uploads\/2019\/01\/Subtraction-1-1024x1024.png 845w\" data-ratio=\"1\" data-original-w=\"845\" sizes=\"(max-width:479px) 480px,(max-width:767px) 768px,(max-width:1023px) 1024px,845px\" \/>            \n                <\/div>\n    <\/div>\n\n<\/section><!-- widget-container -->\t\t\t\t<\/div>\n\t\t\t\t<\/div>\n\t\t\t\t<section class=\"elementor-section elementor-inner-section elementor-element elementor-element-7e7d732b elementor-section-boxed elementor-section-height-default elementor-section-height-default\" data-id=\"7e7d732b\" data-element_type=\"section\" data-settings=\"{&quot;jet_parallax_layout_list&quot;:[{&quot;jet_parallax_layout_image&quot;:{&quot;url&quot;:&quot;&quot;,&quot;id&quot;:&quot;&quot;,&quot;size&quot;:&quot;&quot;},&quot;_id&quot;:&quot;9b669ea&quot;,&quot;jet_parallax_layout_image_tablet&quot;:{&quot;url&quot;:&quot;&quot;,&quot;id&quot;:&quot;&quot;,&quot;size&quot;:&quot;&quot;},&quot;jet_parallax_layout_image_mobile&quot;:{&quot;url&quot;:&quot;&quot;,&quot;id&quot;:&quot;&quot;,&quot;size&quot;:&quot;&quot;},&quot;jet_parallax_layout_speed&quot;:{&quot;unit&quot;:&quot;%&quot;,&quot;size&quot;:50,&quot;sizes&quot;:[]},&quot;jet_parallax_layout_type&quot;:&quot;scroll&quot;,&quot;jet_parallax_layout_z_index&quot;:&quot;&quot;,&quot;jet_parallax_layout_bg_x&quot;:50,&quot;jet_parallax_layout_bg_y&quot;:50,&quot;jet_parallax_layout_bg_size&quot;:&quot;auto&quot;,&quot;jet_parallax_layout_animation_prop&quot;:&quot;transform&quot;,&quot;jet_parallax_layout_on&quot;:[&quot;desktop&quot;,&quot;tablet&quot;],&quot;jet_parallax_layout_direction&quot;:&quot;1&quot;,&quot;jet_parallax_layout_fx_direction&quot;:null,&quot;jet_parallax_layout_bg_x_tablet&quot;:&quot;&quot;,&quot;jet_parallax_layout_bg_x_mobile&quot;:&quot;&quot;,&quot;jet_parallax_layout_bg_y_tablet&quot;:&quot;&quot;,&quot;jet_parallax_layout_bg_y_mobile&quot;:&quot;&quot;,&quot;jet_parallax_layout_bg_size_tablet&quot;:&quot;&quot;,&quot;jet_parallax_layout_bg_size_mobile&quot;:&quot;&quot;}]}\">\n\t\t\t\t\t\t<div class=\"elementor-container elementor-column-gap-default\">\n\t\t\t\t\t<div class=\"aux-parallax-section elementor-column elementor-col-50 elementor-inner-column elementor-element elementor-element-38c864a9 aux-appear-watch-animation aux-fade-in-right-1\" data-id=\"38c864a9\" data-element_type=\"column\">\n\t\t\t<div class=\"elementor-widget-wrap elementor-element-populated\">\n\t\t\t\t\t\t<div class=\"elementor-element elementor-element-71280d16 elementor-widget elementor-widget-aux_modern_heading\" data-id=\"71280d16\" data-element_type=\"widget\" data-widget_type=\"aux_modern_heading.default\">\n\t\t\t\t<div class=\"elementor-widget-container\">\n\t\t\t\t\t<section class=\"aux-widget-modern-heading\">\n            <div class=\"aux-widget-inner\"><div class=\"aux-modern-heading-divider\"><\/div><h2 class=\"aux-modern-heading-primary\">1.<\/h2><div class=\"aux-modern-heading-description\">Vereinbaren Sie einen Termin f\u00fcr einen kostenlosen Besichtigungstermin.<\/div><\/div>\n        <\/section>\t\t\t\t<\/div>\n\t\t\t\t<\/div>\n\t\t\t\t\t<\/div>\n\t\t<\/div>\n\t\t\t\t<div class=\"aux-parallax-section elementor-column elementor-col-50 elementor-inner-column elementor-element elementor-element-7c6b2046 aux-appear-watch-animation aux-fade-in-right-1\" data-id=\"7c6b2046\" data-element_type=\"column\">\n\t\t\t<div class=\"elementor-widget-wrap elementor-element-populated\">\n\t\t\t\t\t\t<div class=\"elementor-element elementor-element-12558d21 elementor-widget elementor-widget-aux_modern_heading\" data-id=\"12558d21\" data-element_type=\"widget\" data-widget_type=\"aux_modern_heading.default\">\n\t\t\t\t<div class=\"elementor-widget-container\">\n\t\t\t\t\t<section class=\"aux-widget-modern-heading\">\n            <div class=\"aux-widget-inner\"><div class=\"aux-modern-heading-divider\"><\/div><h2 class=\"aux-modern-heading-primary\">2.<\/h2><div class=\"aux-modern-heading-description\">Senden von Fotos mit einer detaillierten Beschreibung der geplanten Arbeit per E-Mail.<\/div><\/div>\n        <\/section>\t\t\t\t<\/div>\n\t\t\t\t<\/div>\n\t\t\t\t\t<\/div>\n\t\t<\/div>\n\t\t\t\t\t<\/div>\n\t\t<\/section>\n\t\t\t\t\t<\/div>\n\t\t<\/div>\n\t\t\t\t\t<\/div>\n\t\t<\/section>\n\t\t\t\t<\/div>\n\t\t","protected":false},"excerpt":{"rendered":"<p>Sonic Service Us\u0142ugi monterskie Pomoc alpinistyczna przy du\u017cych zleceniach monterskich z udzia\u0142em d\u017awig\u00f3w i podno\u015bnik\u00f3w. Kostrukcje stalowe, hale przemys\u0142owe. Stosujemy profesjonalne techniki dost\u0119pu linowego kt\u00f3re minimalizuj\u0105 koszty wykonywanych prac zwi\u0105zanych z wykorzystaniem rusztowa\u0144 i podno\u015bnik\u00f3w. Terminowo\u015b\u0107 i najwy\u017csza jako\u015b\u0107 Jak wyceniamy nasze us\u0142ugi? Cena us\u0142ugi zale\u017cy od wielu czynnik\u00f3w, mi\u0119dzy innymi takich jak trudno\u015b\u0107 dost\u0119pu [&hellip;]<\/p>\n","protected":false},"author":1,"featured_media":0,"parent":705,"menu_order":0,"comment_status":"closed","ping_status":"closed","template":"","meta":{"_exactmetrics_skip_tracking":false,"_exactmetrics_sitenote_active":false,"_exactmetrics_sitenote_note":"","_exactmetrics_sitenote_category":0,"footnotes":""},"class_list":["post-752","page","type-page","status-publish","hentry"],"yoast_head":"<!-- This site is optimized with the Yoast SEO plugin v26.0 - https:\/\/yoast.com\/wordpress\/plugins\/seo\/ -->\n<title>Us\u0142ugi Monterskie &#8902; Sonic Service<\/title>\n<meta name=\"robots\" content=\"index, follow, max-snippet:-1, max-image-preview:large, max-video-preview:-1\" \/>\n<link rel=\"canonical\" href=\"https:\/\/sonic-service.pl\/de\/angebot\/uslugi-alpinistyczne\/uslugi-monterskie\/\" \/>\n<meta property=\"og:locale\" content=\"de_DE\" \/>\n<meta property=\"og:type\" content=\"article\" \/>\n<meta property=\"og:title\" content=\"Us\u0142ugi Monterskie &#8902; Sonic Service\" \/>\n<meta property=\"og:description\" content=\"Sonic Service Us\u0142ugi monterskie Pomoc alpinistyczna przy du\u017cych zleceniach monterskich z udzia\u0142em d\u017awig\u00f3w i podno\u015bnik\u00f3w. Kostrukcje stalowe, hale przemys\u0142owe. Stosujemy profesjonalne techniki dost\u0119pu linowego kt\u00f3re minimalizuj\u0105 koszty wykonywanych prac zwi\u0105zanych z wykorzystaniem rusztowa\u0144 i podno\u015bnik\u00f3w. Terminowo\u015b\u0107 i najwy\u017csza jako\u015b\u0107 Jak wyceniamy nasze us\u0142ugi? Cena us\u0142ugi zale\u017cy od wielu czynnik\u00f3w, mi\u0119dzy innymi takich jak trudno\u015b\u0107 dost\u0119pu [&hellip;]\" \/>\n<meta property=\"og:url\" content=\"https:\/\/sonic-service.pl\/de\/angebot\/uslugi-alpinistyczne\/uslugi-monterskie\/\" \/>\n<meta property=\"og:site_name\" content=\"Sonic Service\" \/>\n<meta property=\"article:modified_time\" content=\"2019-06-21T13:26:56+00:00\" \/>\n<meta property=\"og:image\" content=\"https:\/\/sonic-service.pl\/wp-content\/uploads\/2019\/04\/ZDJECIE-USLUGI-MONTERSKIE-3.jpg\" \/>\n<meta name=\"twitter:card\" content=\"summary_large_image\" \/>\n<script type=\"application\/ld+json\" class=\"yoast-schema-graph\">{\"@context\":\"https:\/\/schema.org\",\"@graph\":[{\"@type\":\"WebPage\",\"@id\":\"https:\/\/sonic-service.pl\/de\/angebot\/uslugi-alpinistyczne\/uslugi-monterskie\/\",\"url\":\"https:\/\/sonic-service.pl\/de\/angebot\/uslugi-alpinistyczne\/uslugi-monterskie\/\",\"name\":\"Us\u0142ugi Monterskie &#8902; Sonic Service\",\"isPartOf\":{\"@id\":\"https:\/\/sonic-service.pl\/de\/#website\"},\"primaryImageOfPage\":{\"@id\":\"https:\/\/sonic-service.pl\/de\/angebot\/uslugi-alpinistyczne\/uslugi-monterskie\/#primaryimage\"},\"image\":{\"@id\":\"https:\/\/sonic-service.pl\/de\/angebot\/uslugi-alpinistyczne\/uslugi-monterskie\/#primaryimage\"},\"thumbnailUrl\":\"https:\/\/sonic-service.pl\/wp-content\/uploads\/2019\/04\/ZDJECIE-USLUGI-MONTERSKIE-3.jpg\",\"datePublished\":\"2019-04-23T06:30:16+00:00\",\"dateModified\":\"2019-06-21T13:26:56+00:00\",\"breadcrumb\":{\"@id\":\"https:\/\/sonic-service.pl\/de\/angebot\/uslugi-alpinistyczne\/uslugi-monterskie\/#breadcrumb\"},\"inLanguage\":\"de\",\"potentialAction\":[{\"@type\":\"ReadAction\",\"target\":[\"https:\/\/sonic-service.pl\/de\/angebot\/uslugi-alpinistyczne\/uslugi-monterskie\/\"]}]},{\"@type\":\"ImageObject\",\"inLanguage\":\"de\",\"@id\":\"https:\/\/sonic-service.pl\/de\/angebot\/uslugi-alpinistyczne\/uslugi-monterskie\/#primaryimage\",\"url\":\"https:\/\/sonic-service.pl\/wp-content\/uploads\/2019\/04\/ZDJECIE-USLUGI-MONTERSKIE-3.jpg\",\"contentUrl\":\"https:\/\/sonic-service.pl\/wp-content\/uploads\/2019\/04\/ZDJECIE-USLUGI-MONTERSKIE-3.jpg\"},{\"@type\":\"BreadcrumbList\",\"@id\":\"https:\/\/sonic-service.pl\/de\/angebot\/uslugi-alpinistyczne\/uslugi-monterskie\/#breadcrumb\",\"itemListElement\":[{\"@type\":\"ListItem\",\"position\":1,\"name\":\"Strona g\u0142\u00f3wna\",\"item\":\"https:\/\/sonic-service.pl\/de\/\"},{\"@type\":\"ListItem\",\"position\":2,\"name\":\"Angebot\",\"item\":\"https:\/\/sonic-service.pl\/de\/angebot\/\"},{\"@type\":\"ListItem\",\"position\":3,\"name\":\"Us\u0142ugi Alpinistyczne\",\"item\":\"https:\/\/sonic-service.pl\/de\/angebot\/uslugi-alpinistyczne\/\"},{\"@type\":\"ListItem\",\"position\":4,\"name\":\"Us\u0142ugi Monterskie\"}]},{\"@type\":\"WebSite\",\"@id\":\"https:\/\/sonic-service.pl\/de\/#website\",\"url\":\"https:\/\/sonic-service.pl\/de\/\",\"name\":\"Sonic Service\",\"description\":\"\",\"publisher\":{\"@id\":\"https:\/\/sonic-service.pl\/de\/#organization\"},\"potentialAction\":[{\"@type\":\"SearchAction\",\"target\":{\"@type\":\"EntryPoint\",\"urlTemplate\":\"https:\/\/sonic-service.pl\/de\/?s={search_term_string}\"},\"query-input\":{\"@type\":\"PropertyValueSpecification\",\"valueRequired\":true,\"valueName\":\"search_term_string\"}}],\"inLanguage\":\"de\"},{\"@type\":\"Organization\",\"@id\":\"https:\/\/sonic-service.pl\/de\/#organization\",\"name\":\"Sonic Servie\",\"url\":\"https:\/\/sonic-service.pl\/de\/\",\"logo\":{\"@type\":\"ImageObject\",\"inLanguage\":\"de\",\"@id\":\"https:\/\/sonic-service.pl\/de\/#\/schema\/logo\/image\/\",\"url\":\"https:\/\/sonic-service.pl\/wp-content\/uploads\/2019\/01\/logo-sonic-service-1.png\",\"contentUrl\":\"https:\/\/sonic-service.pl\/wp-content\/uploads\/2019\/01\/logo-sonic-service-1.png\",\"width\":188,\"height\":82,\"caption\":\"Sonic Servie\"},\"image\":{\"@id\":\"https:\/\/sonic-service.pl\/de\/#\/schema\/logo\/image\/\"}}]}<\/script>\n<!-- \/ Yoast SEO plugin. -->","yoast_head_json":{"title":"Us\u0142ugi Monterskie &#8902; Sonic Service","robots":{"index":"index","follow":"follow","max-snippet":"max-snippet:-1","max-image-preview":"max-image-preview:large","max-video-preview":"max-video-preview:-1"},"canonical":"https:\/\/sonic-service.pl\/de\/angebot\/uslugi-alpinistyczne\/uslugi-monterskie\/","og_locale":"de_DE","og_type":"article","og_title":"Us\u0142ugi Monterskie &#8902; Sonic Service","og_description":"Sonic Service Us\u0142ugi monterskie Pomoc alpinistyczna przy du\u017cych zleceniach monterskich z udzia\u0142em d\u017awig\u00f3w i podno\u015bnik\u00f3w. Kostrukcje stalowe, hale przemys\u0142owe. Stosujemy profesjonalne techniki dost\u0119pu linowego kt\u00f3re minimalizuj\u0105 koszty wykonywanych prac zwi\u0105zanych z wykorzystaniem rusztowa\u0144 i podno\u015bnik\u00f3w. Terminowo\u015b\u0107 i najwy\u017csza jako\u015b\u0107 Jak wyceniamy nasze us\u0142ugi? Cena us\u0142ugi zale\u017cy od wielu czynnik\u00f3w, mi\u0119dzy innymi takich jak trudno\u015b\u0107 dost\u0119pu [&hellip;]","og_url":"https:\/\/sonic-service.pl\/de\/angebot\/uslugi-alpinistyczne\/uslugi-monterskie\/","og_site_name":"Sonic Service","article_modified_time":"2019-06-21T13:26:56+00:00","og_image":[{"url":"https:\/\/sonic-service.pl\/wp-content\/uploads\/2019\/04\/ZDJECIE-USLUGI-MONTERSKIE-3.jpg","type":"","width":"","height":""}],"twitter_card":"summary_large_image","schema":{"@context":"https:\/\/schema.org","@graph":[{"@type":"WebPage","@id":"https:\/\/sonic-service.pl\/de\/angebot\/uslugi-alpinistyczne\/uslugi-monterskie\/","url":"https:\/\/sonic-service.pl\/de\/angebot\/uslugi-alpinistyczne\/uslugi-monterskie\/","name":"Us\u0142ugi Monterskie &#8902; Sonic Service","isPartOf":{"@id":"https:\/\/sonic-service.pl\/de\/#website"},"primaryImageOfPage":{"@id":"https:\/\/sonic-service.pl\/de\/angebot\/uslugi-alpinistyczne\/uslugi-monterskie\/#primaryimage"},"image":{"@id":"https:\/\/sonic-service.pl\/de\/angebot\/uslugi-alpinistyczne\/uslugi-monterskie\/#primaryimage"},"thumbnailUrl":"https:\/\/sonic-service.pl\/wp-content\/uploads\/2019\/04\/ZDJECIE-USLUGI-MONTERSKIE-3.jpg","datePublished":"2019-04-23T06:30:16+00:00","dateModified":"2019-06-21T13:26:56+00:00","breadcrumb":{"@id":"https:\/\/sonic-service.pl\/de\/angebot\/uslugi-alpinistyczne\/uslugi-monterskie\/#breadcrumb"},"inLanguage":"de","potentialAction":[{"@type":"ReadAction","target":["https:\/\/sonic-service.pl\/de\/angebot\/uslugi-alpinistyczne\/uslugi-monterskie\/"]}]},{"@type":"ImageObject","inLanguage":"de","@id":"https:\/\/sonic-service.pl\/de\/angebot\/uslugi-alpinistyczne\/uslugi-monterskie\/#primaryimage","url":"https:\/\/sonic-service.pl\/wp-content\/uploads\/2019\/04\/ZDJECIE-USLUGI-MONTERSKIE-3.jpg","contentUrl":"https:\/\/sonic-service.pl\/wp-content\/uploads\/2019\/04\/ZDJECIE-USLUGI-MONTERSKIE-3.jpg"},{"@type":"BreadcrumbList","@id":"https:\/\/sonic-service.pl\/de\/angebot\/uslugi-alpinistyczne\/uslugi-monterskie\/#breadcrumb","itemListElement":[{"@type":"ListItem","position":1,"name":"Strona g\u0142\u00f3wna","item":"https:\/\/sonic-service.pl\/de\/"},{"@type":"ListItem","position":2,"name":"Angebot","item":"https:\/\/sonic-service.pl\/de\/angebot\/"},{"@type":"ListItem","position":3,"name":"Us\u0142ugi Alpinistyczne","item":"https:\/\/sonic-service.pl\/de\/angebot\/uslugi-alpinistyczne\/"},{"@type":"ListItem","position":4,"name":"Us\u0142ugi Monterskie"}]},{"@type":"WebSite","@id":"https:\/\/sonic-service.pl\/de\/#website","url":"https:\/\/sonic-service.pl\/de\/","name":"Sonic Service","description":"","publisher":{"@id":"https:\/\/sonic-service.pl\/de\/#organization"},"potentialAction":[{"@type":"SearchAction","target":{"@type":"EntryPoint","urlTemplate":"https:\/\/sonic-service.pl\/de\/?s={search_term_string}"},"query-input":{"@type":"PropertyValueSpecification","valueRequired":true,"valueName":"search_term_string"}}],"inLanguage":"de"},{"@type":"Organization","@id":"https:\/\/sonic-service.pl\/de\/#organization","name":"Sonic Servie","url":"https:\/\/sonic-service.pl\/de\/","logo":{"@type":"ImageObject","inLanguage":"de","@id":"https:\/\/sonic-service.pl\/de\/#\/schema\/logo\/image\/","url":"https:\/\/sonic-service.pl\/wp-content\/uploads\/2019\/01\/logo-sonic-service-1.png","contentUrl":"https:\/\/sonic-service.pl\/wp-content\/uploads\/2019\/01\/logo-sonic-service-1.png","width":188,"height":82,"caption":"Sonic Servie"},"image":{"@id":"https:\/\/sonic-service.pl\/de\/#\/schema\/logo\/image\/"}}]}},"_links":{"self":[{"href":"https:\/\/sonic-service.pl\/de\/wp-json\/wp\/v2\/pages\/752","targetHints":{"allow":["GET"]}}],"collection":[{"href":"https:\/\/sonic-service.pl\/de\/wp-json\/wp\/v2\/pages"}],"about":[{"href":"https:\/\/sonic-service.pl\/de\/wp-json\/wp\/v2\/types\/page"}],"author":[{"embeddable":true,"href":"https:\/\/sonic-service.pl\/de\/wp-json\/wp\/v2\/users\/1"}],"replies":[{"embeddable":true,"href":"https:\/\/sonic-service.pl\/de\/wp-json\/wp\/v2\/comments?post=752"}],"version-history":[{"count":4,"href":"https:\/\/sonic-service.pl\/de\/wp-json\/wp\/v2\/pages\/752\/revisions"}],"predecessor-version":[{"id":1192,"href":"https:\/\/sonic-service.pl\/de\/wp-json\/wp\/v2\/pages\/752\/revisions\/1192"}],"up":[{"embeddable":true,"href":"https:\/\/sonic-service.pl\/de\/wp-json\/wp\/v2\/pages\/705"}],"wp:attachment":[{"href":"https:\/\/sonic-service.pl\/de\/wp-json\/wp\/v2\/media?parent=752"}],"curies":[{"name":"wp","href":"https:\/\/api.w.org\/{rel}","templated":true}]}}